{"id":3362,"date":"2021-05-18T15:49:35","date_gmt":"2021-05-18T13:49:35","guid":{"rendered":"https:\/\/www.mcechampagne.fr\/site\/?page_id=3362"},"modified":"2026-01-05T17:00:34","modified_gmt":"2026-01-05T16:00:34","slug":"noseglises","status":"publish","type":"page","link":"https:\/\/www.mcechampagne.fr\/site\/noseglises\/","title":{"rendered":"eNosEglises"},"content":{"rendered":"<p>[et_pb_section fb_built=\u00a0\u00bb1&Prime; _builder_version=\u00a0\u00bb4.27.3&Prime; _module_preset=\u00a0\u00bbdefault\u00a0\u00bb background_color=\u00a0\u00bb#000000&Prime; background_image=\u00a0\u00bbhttps:\/\/www.mcechampagne.fr\/site\/wp-content\/uploads\/2021\/04\/7_img.png\u00a0\u00bb background_position=\u00a0\u00bbtop_left\u00a0\u00bb background_blend=\u00a0\u00bbsoft-light\u00a0\u00bb box_shadow_style=\u00a0\u00bbpreset2&Prime; global_colors_info=\u00a0\u00bb{}\u00a0\u00bb][et_pb_row _builder_version=\u00a0\u00bb4.16&Prime; _module_preset=\u00a0\u00bbdefault\u00a0\u00bb global_colors_info=\u00a0\u00bb{}\u00a0\u00bb][et_pb_column type=\u00a0\u00bb4_4&Prime; _builder_version=\u00a0\u00bb4.16&Prime; _module_preset=\u00a0\u00bbdefault\u00a0\u00bb global_colors_info=\u00a0\u00bb{}\u00a0\u00bb][et_pb_text _builder_version=\u00a0\u00bb4.27.3&Prime; _module_preset=\u00a0\u00bbdefault\u00a0\u00bb text_font=\u00a0\u00bbMontserrat||||||||\u00a0\u00bb text_font_size=\u00a0\u00bb9px\u00a0\u00bb header_font=\u00a0\u00bbMontserrat|800||on|||||\u00a0\u00bb header_text_color=\u00a0\u00bb#FFFFFF\u00a0\u00bb header_font_size=\u00a0\u00bb39px\u00a0\u00bb global_colors_info=\u00a0\u00bb{}\u00a0\u00bb]<\/p>\n<h1 style=\"text-align: center;\">Nos \u00e9glises<\/h1>\n<p>[\/et_pb_text][\/et_pb_column][\/et_pb_row][\/et_pb_section][et_pb_section fb_built=\u00a0\u00bb1&Prime; _builder_version=\u00a0\u00bb4.27.3&Prime; _module_preset=\u00a0\u00bbdefault\u00a0\u00bb background_position=\u00a0\u00bbtop_center\u00a0\u00bb custom_padding=\u00a0\u00bb||||false|false\u00a0\u00bb global_colors_info=\u00a0\u00bb{}\u00a0\u00bb][et_pb_row _builder_version=\u00a0\u00bb4.16&Prime; _module_preset=\u00a0\u00bbdefault\u00a0\u00bb global_colors_info=\u00a0\u00bb{}\u00a0\u00bb][et_pb_column type=\u00a0\u00bb4_4&Prime; _builder_version=\u00a0\u00bb4.16&Prime; _module_preset=\u00a0\u00bbdefault\u00a0\u00bb global_colors_info=\u00a0\u00bb{}\u00a0\u00bb][et_pb_text _builder_version=\u00a0\u00bb4.27.3&Prime; _module_preset=\u00a0\u00bbdefault\u00a0\u00bb text_font=\u00a0\u00bbMontserrat||||||||\u00a0\u00bb header_font=\u00a0\u00bbMontserrat||||||||\u00a0\u00bb header_2_font=\u00a0\u00bbMontserrat||||||||\u00a0\u00bb header_6_font=\u00a0\u00bbMontserrat|800|||||||\u00a0\u00bb header_6_text_align=\u00a0\u00bbcenter\u00a0\u00bb header_6_text_color=\u00a0\u00bb#000000&Prime; global_colors_info=\u00a0\u00bb{}\u00a0\u00bb]<\/p>\n<h6>D\u00e9couvrir l&rsquo;\u00e9glise<\/h6>\n<p>[\/et_pb_text][\/et_pb_column][\/et_pb_row][\/et_pb_section][et_pb_section fb_built=\u00a0\u00bb1&Prime; _builder_version=\u00a0\u00bb4.16&Prime; _module_preset=\u00a0\u00bbdefault\u00a0\u00bb custom_padding=\u00a0\u00bb0px||129px|||\u00a0\u00bb global_colors_info=\u00a0\u00bb{}\u00a0\u00bb][et_pb_row column_structure=\u00a0\u00bb1_3,1_3,1_3&Prime; _builder_version=\u00a0\u00bb4.16&Prime; _module_preset=\u00a0\u00bbdefault\u00a0\u00bb locked=\u00a0\u00bboff\u00a0\u00bb global_colors_info=\u00a0\u00bb{}\u00a0\u00bb][et_pb_column type=\u00a0\u00bb1_3&Prime; _builder_version=\u00a0\u00bb4.16&Prime; _module_preset=\u00a0\u00bbdefault\u00a0\u00bb global_colors_info=\u00a0\u00bb{}\u00a0\u00bb][et_pb_image src=\u00a0\u00bbhttps:\/\/www.mcechampagne.fr\/site\/wp-content\/uploads\/2026\/01\/MCE_Reims.jpg\u00a0\u00bb title_text=\u00a0\u00bbMCE_Reims\u00a0\u00bb url=\u00a0\u00bbhttps:\/\/www.mcechampagne.fr\/site\/eglise-reims\u00a0\u00bb _builder_version=\u00a0\u00bb4.27.3&Prime; _module_preset=\u00a0\u00bbdefault\u00a0\u00bb custom_margin=\u00a0\u00bb||||false|false\u00a0\u00bb custom_padding=\u00a0\u00bb||0px||false|true\u00a0\u00bb custom_padding_tablet=\u00a0\u00bb|50px||50px|false|true\u00a0\u00bb custom_padding_phone=\u00a0\u00bb|0px||0px|false|true\u00a0\u00bb custom_padding_last_edited=\u00a0\u00bbon|tablet\u00a0\u00bb hover_enabled=\u00a0\u00bb0&Prime; border_radii=\u00a0\u00bbon|7px|7px|7px|7px\u00a0\u00bb border_radii_tablet=\u00a0\u00bbon||||\u00a0\u00bb border_radii_phone=\u00a0\u00bbon|7px|7px|7px|7px\u00a0\u00bb border_radii_last_edited=\u00a0\u00bbon|phone\u00a0\u00bb box_shadow_style=\u00a0\u00bbpreset2&Prime; global_colors_info=\u00a0\u00bb{}\u00a0\u00bb sticky_enabled=\u00a0\u00bb0&Prime;][\/et_pb_image][et_pb_text _builder_version=\u00a0\u00bb4.27.3&Prime; _module_preset=\u00a0\u00bbdefault\u00a0\u00bb text_font=\u00a0\u00bbMontserrat|600|||||||\u00a0\u00bb header_font=\u00a0\u00bbMontserrat||||||||\u00a0\u00bb header_3_font=\u00a0\u00bbMontserrat|700|||on||||\u00a0\u00bb header_3_text_align=\u00a0\u00bbcenter\u00a0\u00bb global_colors_info=\u00a0\u00bb{}\u00a0\u00bb]<\/p>\n<h3><span style=\"color: #000000;\"><a href=\"https:\/\/www.mcechampagne.fr\/site\/eglise-reims\" style=\"color: #000000;\">MCE Reims<\/a><\/span><\/h3>\n<p>[\/et_pb_text][\/et_pb_column][et_pb_column type=\u00a0\u00bb1_3&Prime; _builder_version=\u00a0\u00bb4.16&Prime; _module_preset=\u00a0\u00bbdefault\u00a0\u00bb global_colors_info=\u00a0\u00bb{}\u00a0\u00bb][et_pb_image src=\u00a0\u00bbhttps:\/\/www.mcechampagne.fr\/site\/wp-content\/uploads\/2026\/01\/MCE_Fagnieres.jpg\u00a0\u00bb title_text=\u00a0\u00bbMCE_Fagnieres\u00a0\u00bb url=\u00a0\u00bbhttps:\/\/www.mcechampagne.fr\/site\/eglise-fagnieres\u00a0\u00bb _builder_version=\u00a0\u00bb4.27.3&Prime; _module_preset=\u00a0\u00bbdefault\u00a0\u00bb custom_margin=\u00a0\u00bb||||false|true\u00a0\u00bb custom_padding_tablet=\u00a0\u00bb|20px||20px|false|true\u00a0\u00bb custom_padding_phone=\u00a0\u00bb|0px||0px|false|false\u00a0\u00bb custom_padding_last_edited=\u00a0\u00bbon|tablet\u00a0\u00bb hover_enabled=\u00a0\u00bb0&Prime; border_radii=\u00a0\u00bbon|7px|7px|7px|7px\u00a0\u00bb border_radii_tablet=\u00a0\u00bbon||||\u00a0\u00bb border_radii_phone=\u00a0\u00bbon|7px|7px|7px|7px\u00a0\u00bb border_radii_last_edited=\u00a0\u00bbon|tablet\u00a0\u00bb box_shadow_style=\u00a0\u00bbpreset2&Prime; locked=\u00a0\u00bboff\u00a0\u00bb global_colors_info=\u00a0\u00bb{}\u00a0\u00bb sticky_enabled=\u00a0\u00bb0&Prime;][\/et_pb_image][et_pb_text _builder_version=\u00a0\u00bb4.27.3&Prime; _module_preset=\u00a0\u00bbdefault\u00a0\u00bb text_font=\u00a0\u00bbMontserrat||||||||\u00a0\u00bb header_font=\u00a0\u00bbMontserrat||||||||\u00a0\u00bb header_3_font=\u00a0\u00bbMontserrat|700|||on||||\u00a0\u00bb header_3_text_align=\u00a0\u00bbcenter\u00a0\u00bb locked=\u00a0\u00bboff\u00a0\u00bb global_colors_info=\u00a0\u00bb{}\u00a0\u00bb]<\/p>\n<h3><span style=\"color: #000000;\"><a href=\"https:\/\/www.mcechampagne.fr\/site\/eglise-fagnieres\" style=\"color: #000000;\">MCE Fagni\u00e8res<\/a><\/span><\/h3>\n<p>[\/et_pb_text][\/et_pb_column][et_pb_column type=\u00a0\u00bb1_3&Prime; _builder_version=\u00a0\u00bb4.16&Prime; _module_preset=\u00a0\u00bbdefault\u00a0\u00bb global_colors_info=\u00a0\u00bb{}\u00a0\u00bb][et_pb_image src=\u00a0\u00bbhttps:\/\/www.mcechampagne.fr\/site\/wp-content\/uploads\/2026\/01\/MCE_Epernay.jpg\u00a0\u00bb title_text=\u00a0\u00bbMCE_Epernay\u00a0\u00bb url=\u00a0\u00bbhttps:\/\/www.mcechampagne.fr\/site\/mce-epernay-3&Prime; _builder_version=\u00a0\u00bb4.27.3&Prime; _module_preset=\u00a0\u00bbdefault\u00a0\u00bb custom_margin=\u00a0\u00bb||||false|true\u00a0\u00bb custom_margin_tablet=\u00a0\u00bb|||30px|false|false\u00a0\u00bb custom_margin_phone=\u00a0\u00bb|0px||0px|false|true\u00a0\u00bb custom_margin_last_edited=\u00a0\u00bbon|tablet\u00a0\u00bb custom_padding=\u00a0\u00bb||||false|false\u00a0\u00bb custom_padding_tablet=\u00a0\u00bb|20px||20px|false|true\u00a0\u00bb custom_padding_phone=\u00a0\u00bb|0px||0px|false|false\u00a0\u00bb custom_padding_last_edited=\u00a0\u00bbon|tablet\u00a0\u00bb hover_enabled=\u00a0\u00bb0&Prime; border_radii=\u00a0\u00bbon|7px|7px|7px|7px\u00a0\u00bb border_radii_tablet=\u00a0\u00bbon||||\u00a0\u00bb border_radii_phone=\u00a0\u00bbon|7px|7px|7px|7px\u00a0\u00bb border_radii_last_edited=\u00a0\u00bbon|tablet\u00a0\u00bb box_shadow_style=\u00a0\u00bbpreset2&Prime; locked=\u00a0\u00bboff\u00a0\u00bb global_colors_info=\u00a0\u00bb{}\u00a0\u00bb sticky_enabled=\u00a0\u00bb0&Prime;][\/et_pb_image][et_pb_text _builder_version=\u00a0\u00bb4.27.3&Prime; _module_preset=\u00a0\u00bbdefault\u00a0\u00bb text_font=\u00a0\u00bbMontserrat||||||||\u00a0\u00bb header_3_font=\u00a0\u00bbMontserrat|700|||on||||\u00a0\u00bb header_3_text_align=\u00a0\u00bbcenter\u00a0\u00bb locked=\u00a0\u00bboff\u00a0\u00bb global_colors_info=\u00a0\u00bb{}\u00a0\u00bb]<\/p>\n<h3><span style=\"color: #000000;\"><a href=\"https:\/\/www.mcechampagne.fr\/site\/mce-epernay-3\" style=\"color: #000000;\">MCE \u00c9pernay<\/a><\/span><\/h3>\n<p>[\/et_pb_text][\/et_pb_column][\/et_pb_row][\/et_pb_section]<\/p>\n","protected":false},"excerpt":{"rendered":"<p>Nos \u00e9glisesD\u00e9couvrir l&rsquo;\u00e9gliseMCE ReimsMCE Fagni\u00e8resMCE \u00c9pernay<\/p>\n","protected":false},"author":4,"featured_media":0,"parent":0,"menu_order":0,"comment_status":"closed","ping_status":"closed","template":"","meta":{"_et_pb_use_builder":"on","_et_pb_old_content":"","_et_gb_content_width":"","_exactmetrics_skip_tracking":false,"_exactmetrics_sitenote_active":false,"_exactmetrics_sitenote_note":"","_exactmetrics_sitenote_category":0,"footnotes":""},"class_list":["post-3362","page","type-page","status-publish","hentry"],"yoast_head":"<!-- This site is optimized with the Yoast SEO plugin v23.9 - https:\/\/yoast.com\/wordpress\/plugins\/seo\/ -->\n<title>Nos \u00e9glises - Mission Chr\u00e9tienne \u00c9vang\u00e9lique de la Champagne<\/title>\n<meta name=\"robots\" content=\"index, follow, max-snippet:-1, max-image-preview:large, max-video-preview:-1\" \/>\n<link rel=\"canonical\" href=\"https:\/\/www.mcechampagne.fr\/site\/noseglises\/\" \/>\n<meta property=\"og:locale\" content=\"fr_FR\" \/>\n<meta property=\"og:type\" content=\"article\" \/>\n<meta property=\"og:title\" content=\"Nos \u00e9glises - Mission Chr\u00e9tienne \u00c9vang\u00e9lique de la Champagne\" \/>\n<meta property=\"og:description\" content=\"Nos \u00e9glisesD\u00e9couvrir l&#039;\u00e9gliseMCE ReimsMCE Fagni\u00e8resMCE \u00c9pernay\" \/>\n<meta property=\"og:url\" content=\"https:\/\/www.mcechampagne.fr\/site\/noseglises\/\" \/>\n<meta property=\"og:site_name\" content=\"Mission Chr\u00e9tienne \u00c9vang\u00e9lique de la Champagne\" \/>\n<meta property=\"article:publisher\" content=\"https:\/\/www.facebook.com\/mcereims\" \/>\n<meta property=\"article:modified_time\" content=\"2026-01-05T16:00:34+00:00\" \/>\n<meta property=\"og:image\" content=\"https:\/\/www.mcechampagne.fr\/site\/wp-content\/uploads\/2021\/04\/WhatsApp-Image-2021-04-22-at-16.51.27.jpeg\" \/>\n\t<meta property=\"og:image:width\" content=\"1599\" \/>\n\t<meta property=\"og:image:height\" content=\"899\" \/>\n\t<meta property=\"og:image:type\" content=\"image\/jpeg\" \/>\n<meta name=\"twitter:card\" content=\"summary_large_image\" \/>\n<meta name=\"twitter:label1\" content=\"Dur\u00e9e de lecture estim\u00e9e\" \/>\n\t<meta name=\"twitter:data1\" content=\"1 minute\" \/>\n<script type=\"application\/ld+json\" class=\"yoast-schema-graph\">{\"@context\":\"https:\/\/schema.org\",\"@graph\":[{\"@type\":\"WebPage\",\"@id\":\"https:\/\/www.mcechampagne.fr\/site\/noseglises\/\",\"url\":\"https:\/\/www.mcechampagne.fr\/site\/noseglises\/\",\"name\":\"Nos \u00e9glises - Mission Chr\u00e9tienne \u00c9vang\u00e9lique de la Champagne\",\"isPartOf\":{\"@id\":\"https:\/\/www.mcechampagne.fr\/site\/#website\"},\"datePublished\":\"2021-05-18T13:49:35+00:00\",\"dateModified\":\"2026-01-05T16:00:34+00:00\",\"breadcrumb\":{\"@id\":\"https:\/\/www.mcechampagne.fr\/site\/noseglises\/#breadcrumb\"},\"inLanguage\":\"fr-FR\",\"potentialAction\":[{\"@type\":\"ReadAction\",\"target\":[\"https:\/\/www.mcechampagne.fr\/site\/noseglises\/\"]}]},{\"@type\":\"BreadcrumbList\",\"@id\":\"https:\/\/www.mcechampagne.fr\/site\/noseglises\/#breadcrumb\",\"itemListElement\":[{\"@type\":\"ListItem\",\"position\":1,\"name\":\"Accueil\",\"item\":\"https:\/\/www.mcechampagne.fr\/site\/\"},{\"@type\":\"ListItem\",\"position\":2,\"name\":\"eNosEglises\"}]},{\"@type\":\"WebSite\",\"@id\":\"https:\/\/www.mcechampagne.fr\/site\/#website\",\"url\":\"https:\/\/www.mcechampagne.fr\/site\/\",\"name\":\"Mission Chr\u00e9tienne \u00c9vang\u00e9lique de la Champagne\",\"description\":\"Une \u00e9glise pour ceux qui ne veulent plus d&#039;\u00e9glise\",\"publisher\":{\"@id\":\"https:\/\/www.mcechampagne.fr\/site\/#organization\"},\"potentialAction\":[{\"@type\":\"SearchAction\",\"target\":{\"@type\":\"EntryPoint\",\"urlTemplate\":\"https:\/\/www.mcechampagne.fr\/site\/?s={search_term_string}\"},\"query-input\":{\"@type\":\"PropertyValueSpecification\",\"valueRequired\":true,\"valueName\":\"search_term_string\"}}],\"inLanguage\":\"fr-FR\"},{\"@type\":\"Organization\",\"@id\":\"https:\/\/www.mcechampagne.fr\/site\/#organization\",\"name\":\"MCE Champagne\",\"url\":\"https:\/\/www.mcechampagne.fr\/site\/\",\"logo\":{\"@type\":\"ImageObject\",\"inLanguage\":\"fr-FR\",\"@id\":\"https:\/\/www.mcechampagne.fr\/site\/#\/schema\/logo\/image\/\",\"url\":\"https:\/\/www.mcechampagne.fr\/site\/wp-content\/uploads\/2018\/04\/mce-logo-png.png\",\"contentUrl\":\"https:\/\/www.mcechampagne.fr\/site\/wp-content\/uploads\/2018\/04\/mce-logo-png.png\",\"width\":403,\"height\":74,\"caption\":\"MCE Champagne\"},\"image\":{\"@id\":\"https:\/\/www.mcechampagne.fr\/site\/#\/schema\/logo\/image\/\"},\"sameAs\":[\"https:\/\/www.facebook.com\/mcereims\",\"https:\/\/www.instagram.com\/mce_reims\/?hl=fr\",\"https:\/\/www.youtube.com\/user\/ccea777\"]}]}<\/script>\n<!-- \/ Yoast SEO plugin. -->","yoast_head_json":{"title":"Nos \u00e9glises - Mission Chr\u00e9tienne \u00c9vang\u00e9lique de la Champagne","robots":{"index":"index","follow":"follow","max-snippet":"max-snippet:-1","max-image-preview":"max-image-preview:large","max-video-preview":"max-video-preview:-1"},"canonical":"https:\/\/www.mcechampagne.fr\/site\/noseglises\/","og_locale":"fr_FR","og_type":"article","og_title":"Nos \u00e9glises - Mission Chr\u00e9tienne \u00c9vang\u00e9lique de la Champagne","og_description":"Nos \u00e9glisesD\u00e9couvrir l'\u00e9gliseMCE ReimsMCE Fagni\u00e8resMCE \u00c9pernay","og_url":"https:\/\/www.mcechampagne.fr\/site\/noseglises\/","og_site_name":"Mission Chr\u00e9tienne \u00c9vang\u00e9lique de la Champagne","article_publisher":"https:\/\/www.facebook.com\/mcereims","article_modified_time":"2026-01-05T16:00:34+00:00","og_image":[{"width":1599,"height":899,"url":"https:\/\/www.mcechampagne.fr\/site\/wp-content\/uploads\/2021\/04\/WhatsApp-Image-2021-04-22-at-16.51.27.jpeg","type":"image\/jpeg"}],"twitter_card":"summary_large_image","twitter_misc":{"Dur\u00e9e de lecture estim\u00e9e":"1 minute"},"schema":{"@context":"https:\/\/schema.org","@graph":[{"@type":"WebPage","@id":"https:\/\/www.mcechampagne.fr\/site\/noseglises\/","url":"https:\/\/www.mcechampagne.fr\/site\/noseglises\/","name":"Nos \u00e9glises - Mission Chr\u00e9tienne \u00c9vang\u00e9lique de la Champagne","isPartOf":{"@id":"https:\/\/www.mcechampagne.fr\/site\/#website"},"datePublished":"2021-05-18T13:49:35+00:00","dateModified":"2026-01-05T16:00:34+00:00","breadcrumb":{"@id":"https:\/\/www.mcechampagne.fr\/site\/noseglises\/#breadcrumb"},"inLanguage":"fr-FR","potentialAction":[{"@type":"ReadAction","target":["https:\/\/www.mcechampagne.fr\/site\/noseglises\/"]}]},{"@type":"BreadcrumbList","@id":"https:\/\/www.mcechampagne.fr\/site\/noseglises\/#breadcrumb","itemListElement":[{"@type":"ListItem","position":1,"name":"Accueil","item":"https:\/\/www.mcechampagne.fr\/site\/"},{"@type":"ListItem","position":2,"name":"eNosEglises"}]},{"@type":"WebSite","@id":"https:\/\/www.mcechampagne.fr\/site\/#website","url":"https:\/\/www.mcechampagne.fr\/site\/","name":"Mission Chr\u00e9tienne \u00c9vang\u00e9lique de la Champagne","description":"Une \u00e9glise pour ceux qui ne veulent plus d&#039;\u00e9glise","publisher":{"@id":"https:\/\/www.mcechampagne.fr\/site\/#organization"},"potentialAction":[{"@type":"SearchAction","target":{"@type":"EntryPoint","urlTemplate":"https:\/\/www.mcechampagne.fr\/site\/?s={search_term_string}"},"query-input":{"@type":"PropertyValueSpecification","valueRequired":true,"valueName":"search_term_string"}}],"inLanguage":"fr-FR"},{"@type":"Organization","@id":"https:\/\/www.mcechampagne.fr\/site\/#organization","name":"MCE Champagne","url":"https:\/\/www.mcechampagne.fr\/site\/","logo":{"@type":"ImageObject","inLanguage":"fr-FR","@id":"https:\/\/www.mcechampagne.fr\/site\/#\/schema\/logo\/image\/","url":"https:\/\/www.mcechampagne.fr\/site\/wp-content\/uploads\/2018\/04\/mce-logo-png.png","contentUrl":"https:\/\/www.mcechampagne.fr\/site\/wp-content\/uploads\/2018\/04\/mce-logo-png.png","width":403,"height":74,"caption":"MCE Champagne"},"image":{"@id":"https:\/\/www.mcechampagne.fr\/site\/#\/schema\/logo\/image\/"},"sameAs":["https:\/\/www.facebook.com\/mcereims","https:\/\/www.instagram.com\/mce_reims\/?hl=fr","https:\/\/www.youtube.com\/user\/ccea777"]}]}},"_links":{"self":[{"href":"https:\/\/www.mcechampagne.fr\/site\/wp-json\/wp\/v2\/pages\/3362","targetHints":{"allow":["GET"]}}],"collection":[{"href":"https:\/\/www.mcechampagne.fr\/site\/wp-json\/wp\/v2\/pages"}],"about":[{"href":"https:\/\/www.mcechampagne.fr\/site\/wp-json\/wp\/v2\/types\/page"}],"author":[{"embeddable":true,"href":"https:\/\/www.mcechampagne.fr\/site\/wp-json\/wp\/v2\/users\/4"}],"replies":[{"embeddable":true,"href":"https:\/\/www.mcechampagne.fr\/site\/wp-json\/wp\/v2\/comments?post=3362"}],"version-history":[{"count":11,"href":"https:\/\/www.mcechampagne.fr\/site\/wp-json\/wp\/v2\/pages\/3362\/revisions"}],"predecessor-version":[{"id":6164,"href":"https:\/\/www.mcechampagne.fr\/site\/wp-json\/wp\/v2\/pages\/3362\/revisions\/6164"}],"wp:attachment":[{"href":"https:\/\/www.mcechampagne.fr\/site\/wp-json\/wp\/v2\/media?parent=3362"}],"curies":[{"name":"wp","href":"https:\/\/api.w.org\/{rel}","templated":true}]}}