{"id":3494,"date":"2021-05-21T13:41:02","date_gmt":"2021-05-21T11:41:02","guid":{"rendered":"https:\/\/www.mcechampagne.fr\/site\/?page_id=3494"},"modified":"2025-07-14T22:46:25","modified_gmt":"2025-07-14T20:46:25","slug":"operation-solidaire-amc","status":"publish","type":"page","link":"https:\/\/www.mcechampagne.fr\/site\/operation-solidaire-amc\/","title":{"rendered":"eOperationSolidaire"},"content":{"rendered":"<p>[et_pb_section fb_built=\u00a0\u00bb1&Prime; _builder_version=\u00a0\u00bb4.27.3&Prime; _module_preset=\u00a0\u00bbdefault\u00a0\u00bb background_color=\u00a0\u00bb#0C71C3&Prime; background_image=\u00a0\u00bbhttps:\/\/www.mcechampagne.fr\/site\/wp-content\/uploads\/2021\/04\/7_img.png\u00a0\u00bb custom_padding=\u00a0\u00bb||||true|false\u00a0\u00bb hover_enabled=\u00a0\u00bb0&Prime; box_shadow_style=\u00a0\u00bbpreset1&Prime; global_colors_info=\u00a0\u00bb{}\u00a0\u00bb sticky_enabled=\u00a0\u00bb0&Prime;][et_pb_row _builder_version=\u00a0\u00bb4.27.3&Prime; _module_preset=\u00a0\u00bbdefault\u00a0\u00bb custom_margin=\u00a0\u00bb||||false|false\u00a0\u00bb hover_enabled=\u00a0\u00bb0&Prime; global_colors_info=\u00a0\u00bb{}\u00a0\u00bb sticky_enabled=\u00a0\u00bb0&Prime;][et_pb_column type=\u00a0\u00bb4_4&Prime; _builder_version=\u00a0\u00bb4.16&Prime; _module_preset=\u00a0\u00bbdefault\u00a0\u00bb global_colors_info=\u00a0\u00bb{}\u00a0\u00bb][et_pb_text _builder_version=\u00a0\u00bb4.27.3&Prime; _module_preset=\u00a0\u00bbdefault\u00a0\u00bb text_font=\u00a0\u00bbMontserrat||||||||\u00a0\u00bb header_font=\u00a0\u00bbMontserrat|800|||||||\u00a0\u00bb header_text_align=\u00a0\u00bbcenter\u00a0\u00bb header_text_color=\u00a0\u00bb#FFFFFF\u00a0\u00bb background_enable_color=\u00a0\u00bboff\u00a0\u00bb background_enable_image=\u00a0\u00bboff\u00a0\u00bb hover_enabled=\u00a0\u00bb0&Prime; global_colors_info=\u00a0\u00bb{}\u00a0\u00bb header_font_size=\u00a0\u00bb31px\u00a0\u00bb sticky_enabled=\u00a0\u00bb0&Prime;]<\/p>\n<h1>Op\u00e9ration Solidaire<\/h1>\n<p>[\/et_pb_text][et_pb_text _builder_version=\u00a0\u00bb4.27.3&Prime; _module_preset=\u00a0\u00bbdefault\u00a0\u00bb text_font=\u00a0\u00bbMontserrat||||||||\u00a0\u00bb header_font=\u00a0\u00bbMontserrat||||||||\u00a0\u00bb header_6_font=\u00a0\u00bbMontserrat||||||||\u00a0\u00bb custom_margin=\u00a0\u00bb13px|||||\u00a0\u00bb hover_enabled=\u00a0\u00bb0&Prime; inline_fonts=\u00a0\u00bbMontserrat\u00a0\u00bb global_colors_info=\u00a0\u00bb{}\u00a0\u00bb header_6_font_size=\u00a0\u00bb16px\u00a0\u00bb sticky_enabled=\u00a0\u00bb0&Prime;]<\/p>\n<h6 style=\"font-family: 'Noto Serif'; text-align: center;\"><span style=\"color: #ffffff;\"><strong><span style=\"font-family: Montserrat;\">AMC &#8211; <\/span><\/strong><\/span><span style=\"color: #ffffff;\"><strong><span style=\"font-family: Montserrat;\">Activit\u00e9s Mission Chr\u00e9tienne<\/span><\/strong><\/span><\/h6>\n<p>[\/et_pb_text][\/et_pb_column][\/et_pb_row][\/et_pb_section][et_pb_section fb_built=\u00a0\u00bb1&Prime; _builder_version=\u00a0\u00bb4.16&Prime; _module_preset=\u00a0\u00bbdefault\u00a0\u00bb custom_padding=\u00a0\u00bb0px|||||\u00a0\u00bb global_colors_info=\u00a0\u00bb{}\u00a0\u00bb][et_pb_row _builder_version=\u00a0\u00bb4.16&Prime; _module_preset=\u00a0\u00bbdefault\u00a0\u00bb global_colors_info=\u00a0\u00bb{}\u00a0\u00bb][et_pb_column type=\u00a0\u00bb4_4&Prime; _builder_version=\u00a0\u00bb4.16&Prime; _module_preset=\u00a0\u00bbdefault\u00a0\u00bb global_colors_info=\u00a0\u00bb{}\u00a0\u00bb][et_pb_code _builder_version=\u00a0\u00bb4.16&Prime; _module_preset=\u00a0\u00bbdefault\u00a0\u00bb global_colors_info=\u00a0\u00bb{}\u00a0\u00bb]<script type=\"text\/javascript\" src=\"https:\/\/form.jotform.com\/jsform\/210541154749353\"><\/script>[\/et_pb_code][\/et_pb_column][\/et_pb_row][\/et_pb_section]<\/p>\n","protected":false},"excerpt":{"rendered":"<p>Op\u00e9ration SolidaireAMC &#8211; Activit\u00e9s Mission Chr\u00e9tienne<\/p>\n","protected":false},"author":4,"featured_media":0,"parent":0,"menu_order":0,"comment_status":"closed","ping_status":"closed","template":"","meta":{"_et_pb_use_builder":"on","_et_pb_old_content":"","_et_gb_content_width":"","_exactmetrics_skip_tracking":false,"_exactmetrics_sitenote_active":false,"_exactmetrics_sitenote_note":"","_exactmetrics_sitenote_category":0,"footnotes":""},"class_list":["post-3494","page","type-page","status-publish","hentry"],"yoast_head":"<!-- This site is optimized with the Yoast SEO plugin v23.9 - https:\/\/yoast.com\/wordpress\/plugins\/seo\/ -->\n<title>Op\u00e9ration solidaire \u00e9tudiante - Activit\u00e9s Mission Chr\u00e9tienne<\/title>\n<meta name=\"robots\" content=\"index, follow, max-snippet:-1, max-image-preview:large, max-video-preview:-1\" \/>\n<link rel=\"canonical\" href=\"https:\/\/www.mcechampagne.fr\/site\/operation-solidaire-amc\/\" \/>\n<meta property=\"og:locale\" content=\"fr_FR\" \/>\n<meta property=\"og:type\" content=\"article\" \/>\n<meta property=\"og:title\" content=\"Op\u00e9ration solidaire \u00e9tudiante - Activit\u00e9s Mission Chr\u00e9tienne\" \/>\n<meta property=\"og:description\" content=\"Op\u00e9ration SolidaireAMC - Activit\u00e9s Mission Chr\u00e9tienne\" \/>\n<meta property=\"og:url\" content=\"https:\/\/www.mcechampagne.fr\/site\/operation-solidaire-amc\/\" \/>\n<meta property=\"og:site_name\" content=\"Mission Chr\u00e9tienne \u00c9vang\u00e9lique de la Champagne\" \/>\n<meta property=\"article:publisher\" content=\"https:\/\/www.facebook.com\/mcereims\" \/>\n<meta property=\"article:modified_time\" content=\"2025-07-14T20:46:25+00:00\" \/>\n<meta property=\"og:image\" content=\"https:\/\/www.mcechampagne.fr\/site\/wp-content\/uploads\/2021\/04\/WhatsApp-Image-2021-04-22-at-16.51.27.jpeg\" \/>\n\t<meta property=\"og:image:width\" content=\"1599\" \/>\n\t<meta property=\"og:image:height\" content=\"899\" \/>\n\t<meta property=\"og:image:type\" content=\"image\/jpeg\" \/>\n<meta name=\"twitter:card\" content=\"summary_large_image\" \/>\n<meta name=\"twitter:label1\" content=\"Dur\u00e9e de lecture estim\u00e9e\" \/>\n\t<meta name=\"twitter:data1\" content=\"1 minute\" \/>\n<script type=\"application\/ld+json\" class=\"yoast-schema-graph\">{\"@context\":\"https:\/\/schema.org\",\"@graph\":[{\"@type\":\"WebPage\",\"@id\":\"https:\/\/www.mcechampagne.fr\/site\/operation-solidaire-amc\/\",\"url\":\"https:\/\/www.mcechampagne.fr\/site\/operation-solidaire-amc\/\",\"name\":\"Op\u00e9ration solidaire \u00e9tudiante - Activit\u00e9s Mission Chr\u00e9tienne\",\"isPartOf\":{\"@id\":\"https:\/\/www.mcechampagne.fr\/site\/#website\"},\"datePublished\":\"2021-05-21T11:41:02+00:00\",\"dateModified\":\"2025-07-14T20:46:25+00:00\",\"breadcrumb\":{\"@id\":\"https:\/\/www.mcechampagne.fr\/site\/operation-solidaire-amc\/#breadcrumb\"},\"inLanguage\":\"fr-FR\",\"potentialAction\":[{\"@type\":\"ReadAction\",\"target\":[\"https:\/\/www.mcechampagne.fr\/site\/operation-solidaire-amc\/\"]}]},{\"@type\":\"BreadcrumbList\",\"@id\":\"https:\/\/www.mcechampagne.fr\/site\/operation-solidaire-amc\/#breadcrumb\",\"itemListElement\":[{\"@type\":\"ListItem\",\"position\":1,\"name\":\"Accueil\",\"item\":\"https:\/\/www.mcechampagne.fr\/site\/\"},{\"@type\":\"ListItem\",\"position\":2,\"name\":\"eOperationSolidaire\"}]},{\"@type\":\"WebSite\",\"@id\":\"https:\/\/www.mcechampagne.fr\/site\/#website\",\"url\":\"https:\/\/www.mcechampagne.fr\/site\/\",\"name\":\"Mission Chr\u00e9tienne \u00c9vang\u00e9lique de la Champagne\",\"description\":\"Une \u00e9glise pour ceux qui ne veulent plus d&#039;\u00e9glise\",\"publisher\":{\"@id\":\"https:\/\/www.mcechampagne.fr\/site\/#organization\"},\"potentialAction\":[{\"@type\":\"SearchAction\",\"target\":{\"@type\":\"EntryPoint\",\"urlTemplate\":\"https:\/\/www.mcechampagne.fr\/site\/?s={search_term_string}\"},\"query-input\":{\"@type\":\"PropertyValueSpecification\",\"valueRequired\":true,\"valueName\":\"search_term_string\"}}],\"inLanguage\":\"fr-FR\"},{\"@type\":\"Organization\",\"@id\":\"https:\/\/www.mcechampagne.fr\/site\/#organization\",\"name\":\"MCE Champagne\",\"url\":\"https:\/\/www.mcechampagne.fr\/site\/\",\"logo\":{\"@type\":\"ImageObject\",\"inLanguage\":\"fr-FR\",\"@id\":\"https:\/\/www.mcechampagne.fr\/site\/#\/schema\/logo\/image\/\",\"url\":\"https:\/\/www.mcechampagne.fr\/site\/wp-content\/uploads\/2018\/04\/mce-logo-png.png\",\"contentUrl\":\"https:\/\/www.mcechampagne.fr\/site\/wp-content\/uploads\/2018\/04\/mce-logo-png.png\",\"width\":403,\"height\":74,\"caption\":\"MCE Champagne\"},\"image\":{\"@id\":\"https:\/\/www.mcechampagne.fr\/site\/#\/schema\/logo\/image\/\"},\"sameAs\":[\"https:\/\/www.facebook.com\/mcereims\",\"https:\/\/www.instagram.com\/mce_reims\/?hl=fr\",\"https:\/\/www.youtube.com\/user\/ccea777\"]}]}<\/script>\n<!-- \/ Yoast SEO plugin. -->","yoast_head_json":{"title":"Op\u00e9ration solidaire \u00e9tudiante - Activit\u00e9s Mission Chr\u00e9tienne","robots":{"index":"index","follow":"follow","max-snippet":"max-snippet:-1","max-image-preview":"max-image-preview:large","max-video-preview":"max-video-preview:-1"},"canonical":"https:\/\/www.mcechampagne.fr\/site\/operation-solidaire-amc\/","og_locale":"fr_FR","og_type":"article","og_title":"Op\u00e9ration solidaire \u00e9tudiante - Activit\u00e9s Mission Chr\u00e9tienne","og_description":"Op\u00e9ration SolidaireAMC - Activit\u00e9s Mission Chr\u00e9tienne","og_url":"https:\/\/www.mcechampagne.fr\/site\/operation-solidaire-amc\/","og_site_name":"Mission Chr\u00e9tienne \u00c9vang\u00e9lique de la Champagne","article_publisher":"https:\/\/www.facebook.com\/mcereims","article_modified_time":"2025-07-14T20:46:25+00:00","og_image":[{"width":1599,"height":899,"url":"https:\/\/www.mcechampagne.fr\/site\/wp-content\/uploads\/2021\/04\/WhatsApp-Image-2021-04-22-at-16.51.27.jpeg","type":"image\/jpeg"}],"twitter_card":"summary_large_image","twitter_misc":{"Dur\u00e9e de lecture estim\u00e9e":"1 minute"},"schema":{"@context":"https:\/\/schema.org","@graph":[{"@type":"WebPage","@id":"https:\/\/www.mcechampagne.fr\/site\/operation-solidaire-amc\/","url":"https:\/\/www.mcechampagne.fr\/site\/operation-solidaire-amc\/","name":"Op\u00e9ration solidaire \u00e9tudiante - Activit\u00e9s Mission Chr\u00e9tienne","isPartOf":{"@id":"https:\/\/www.mcechampagne.fr\/site\/#website"},"datePublished":"2021-05-21T11:41:02+00:00","dateModified":"2025-07-14T20:46:25+00:00","breadcrumb":{"@id":"https:\/\/www.mcechampagne.fr\/site\/operation-solidaire-amc\/#breadcrumb"},"inLanguage":"fr-FR","potentialAction":[{"@type":"ReadAction","target":["https:\/\/www.mcechampagne.fr\/site\/operation-solidaire-amc\/"]}]},{"@type":"BreadcrumbList","@id":"https:\/\/www.mcechampagne.fr\/site\/operation-solidaire-amc\/#breadcrumb","itemListElement":[{"@type":"ListItem","position":1,"name":"Accueil","item":"https:\/\/www.mcechampagne.fr\/site\/"},{"@type":"ListItem","position":2,"name":"eOperationSolidaire"}]},{"@type":"WebSite","@id":"https:\/\/www.mcechampagne.fr\/site\/#website","url":"https:\/\/www.mcechampagne.fr\/site\/","name":"Mission Chr\u00e9tienne \u00c9vang\u00e9lique de la Champagne","description":"Une \u00e9glise pour ceux qui ne veulent plus d&#039;\u00e9glise","publisher":{"@id":"https:\/\/www.mcechampagne.fr\/site\/#organization"},"potentialAction":[{"@type":"SearchAction","target":{"@type":"EntryPoint","urlTemplate":"https:\/\/www.mcechampagne.fr\/site\/?s={search_term_string}"},"query-input":{"@type":"PropertyValueSpecification","valueRequired":true,"valueName":"search_term_string"}}],"inLanguage":"fr-FR"},{"@type":"Organization","@id":"https:\/\/www.mcechampagne.fr\/site\/#organization","name":"MCE Champagne","url":"https:\/\/www.mcechampagne.fr\/site\/","logo":{"@type":"ImageObject","inLanguage":"fr-FR","@id":"https:\/\/www.mcechampagne.fr\/site\/#\/schema\/logo\/image\/","url":"https:\/\/www.mcechampagne.fr\/site\/wp-content\/uploads\/2018\/04\/mce-logo-png.png","contentUrl":"https:\/\/www.mcechampagne.fr\/site\/wp-content\/uploads\/2018\/04\/mce-logo-png.png","width":403,"height":74,"caption":"MCE Champagne"},"image":{"@id":"https:\/\/www.mcechampagne.fr\/site\/#\/schema\/logo\/image\/"},"sameAs":["https:\/\/www.facebook.com\/mcereims","https:\/\/www.instagram.com\/mce_reims\/?hl=fr","https:\/\/www.youtube.com\/user\/ccea777"]}]}},"_links":{"self":[{"href":"https:\/\/www.mcechampagne.fr\/site\/wp-json\/wp\/v2\/pages\/3494","targetHints":{"allow":["GET"]}}],"collection":[{"href":"https:\/\/www.mcechampagne.fr\/site\/wp-json\/wp\/v2\/pages"}],"about":[{"href":"https:\/\/www.mcechampagne.fr\/site\/wp-json\/wp\/v2\/types\/page"}],"author":[{"embeddable":true,"href":"https:\/\/www.mcechampagne.fr\/site\/wp-json\/wp\/v2\/users\/4"}],"replies":[{"embeddable":true,"href":"https:\/\/www.mcechampagne.fr\/site\/wp-json\/wp\/v2\/comments?post=3494"}],"version-history":[{"count":18,"href":"https:\/\/www.mcechampagne.fr\/site\/wp-json\/wp\/v2\/pages\/3494\/revisions"}],"predecessor-version":[{"id":5873,"href":"https:\/\/www.mcechampagne.fr\/site\/wp-json\/wp\/v2\/pages\/3494\/revisions\/5873"}],"wp:attachment":[{"href":"https:\/\/www.mcechampagne.fr\/site\/wp-json\/wp\/v2\/media?parent=3494"}],"curies":[{"name":"wp","href":"https:\/\/api.w.org\/{rel}","templated":true}]}}