{"id":3816,"date":"2021-09-07T20:23:44","date_gmt":"2021-09-07T18:23:44","guid":{"rendered":"https:\/\/www.mcechampagne.fr\/site\/?page_id=3816"},"modified":"2026-01-05T17:07:56","modified_gmt":"2026-01-05T16:07:56","slug":"departement-jeunesse","status":"publish","type":"page","link":"https:\/\/www.mcechampagne.fr\/site\/departement-jeunesse\/","title":{"rendered":"eDepJeunesse"},"content":{"rendered":"<p>[et_pb_section fb_built=\u00a0\u00bb1&Prime; admin_label=\u00a0\u00bbHero Section\u00a0\u00bb _builder_version=\u00a0\u00bb4.27.3&Prime; background_color=\u00a0\u00bb#000000&Prime; background_color_gradient_direction=\u00a0\u00bb131deg\u00a0\u00bb parallax=\u00a0\u00bbon\u00a0\u00bb min_height=\u00a0\u00bb222.1px\u00a0\u00bb max_height=\u00a0\u00bb496px\u00a0\u00bb custom_padding=\u00a0\u00bb||||false|false\u00a0\u00bb animation_style=\u00a0\u00bbslide\u00a0\u00bb animation_direction=\u00a0\u00bbtop\u00a0\u00bb animation_intensity_slide=\u00a0\u00bb2%\u00a0\u00bb animation_starting_opacity=\u00a0\u00bb100%\u00a0\u00bb hover_enabled=\u00a0\u00bb0&Prime; global_colors_info=\u00a0\u00bb{}\u00a0\u00bb sticky_enabled=\u00a0\u00bb0&Prime;][et_pb_row _builder_version=\u00a0\u00bb4.27.3&Prime; _module_preset=\u00a0\u00bbdefault\u00a0\u00bb hover_enabled=\u00a0\u00bb0&Prime; global_colors_info=\u00a0\u00bb{}\u00a0\u00bb sticky_enabled=\u00a0\u00bb0&Prime;][et_pb_column type=\u00a0\u00bb4_4&Prime; _builder_version=\u00a0\u00bb4.27.3&Prime; _module_preset=\u00a0\u00bbdefault\u00a0\u00bb global_colors_info=\u00a0\u00bb{}\u00a0\u00bb][et_pb_text _builder_version=\u00a0\u00bb4.27.3&Prime; _module_preset=\u00a0\u00bbdefault\u00a0\u00bb text_font=\u00a0\u00bbMontserrat|900||on|||||\u00a0\u00bb text_text_color=\u00a0\u00bb#FFFFFF\u00a0\u00bb text_font_size=\u00a0\u00bb32px\u00a0\u00bb text_line_height=\u00a0\u00bb1em\u00a0\u00bb text_orientation=\u00a0\u00bbcenter\u00a0\u00bb text_text_shadow_style=\u00a0\u00bbpreset3&Prime; text_text_shadow_color=\u00a0\u00bb#000000&Prime; global_colors_info=\u00a0\u00bb{}\u00a0\u00bb]<\/p>\n<p>D\u00e9partement jeunesse<\/p>\n<p>[\/et_pb_text][et_pb_text _builder_version=\u00a0\u00bb4.27.3&Prime; _module_preset=\u00a0\u00bbdefault\u00a0\u00bb text_font=\u00a0\u00bbMontserrat|600|||||||\u00a0\u00bb text_text_color=\u00a0\u00bb#FFFFFF\u00a0\u00bb text_font_size=\u00a0\u00bb19px\u00a0\u00bb text_line_height=\u00a0\u00bb1em\u00a0\u00bb text_orientation=\u00a0\u00bbcenter\u00a0\u00bb text_text_shadow_style=\u00a0\u00bbpreset3&Prime; text_text_shadow_color=\u00a0\u00bb#000000&Prime; global_colors_info=\u00a0\u00bb{}\u00a0\u00bb]<\/p>\n<p>\u00c0 partir de 18 ans<\/p>\n<p>[\/et_pb_text][\/et_pb_column][\/et_pb_row][\/et_pb_section][et_pb_section fb_built=\u00a0\u00bb1&Prime; _builder_version=\u00a0\u00bb4.27.3&Prime; _module_preset=\u00a0\u00bbdefault\u00a0\u00bb global_colors_info=\u00a0\u00bb{}\u00a0\u00bb][et_pb_row _builder_version=\u00a0\u00bb4.27.3&Prime; _module_preset=\u00a0\u00bbdefault\u00a0\u00bb global_colors_info=\u00a0\u00bb{}\u00a0\u00bb][et_pb_column type=\u00a0\u00bb4_4&Prime; _builder_version=\u00a0\u00bb4.27.3&Prime; _module_preset=\u00a0\u00bbdefault\u00a0\u00bb global_colors_info=\u00a0\u00bb{}\u00a0\u00bb][et_pb_text _builder_version=\u00a0\u00bb4.27.3&Prime; _module_preset=\u00a0\u00bbdefault\u00a0\u00bb hover_enabled=\u00a0\u00bb0&Prime; global_colors_info=\u00a0\u00bb{}\u00a0\u00bb sticky_enabled=\u00a0\u00bb0&Prime;]<\/p>\n<div class=\"et_pb_module et_pb_text et_pb_text_5  et_pb_text_align_left et_pb_bg_layout_light\">\n<div class=\"et_pb_text_inner\">\n<h2 style=\"text-align: center;\"><strong><span style=\"color: #000000; font-family: Montserrat;\">Ann\u00e9e 2026<\/span><\/strong><\/h2>\n<p><strong><span style=\"color: #000000; font-family: Montserrat;\">NOUVELLE VISION, NOUVEAU STAFF, NOUVEAUX PASTEURS !<\/span><\/strong><\/p>\n<\/div>\n<\/div>\n<div class=\"et_pb_module et_pb_text et_pb_text_6  et_pb_text_align_left et_pb_bg_layout_light\">\n<div class=\"et_pb_text_inner\">\n<p style=\"text-align: center;\"><span style=\"color: rgba(0, 0, 0, 0.8);\">MCE Jeunesse, un espace sp\u00e9cialement con\u00e7u pour les jeunes qui d\u00e9sirent aller plus loin dans leur marche avec le Seigneur. Nous croyons que chaque jeune peut vivre une relation profonde et personnelle avec Dieu, et nous sommes l\u00e0 pour vous accompagner dans votre marche avec Dieu.<\/span><\/p>\n<p style=\"text-align: center;\"><span style=\"color: rgba(0, 0, 0, 0.8);\">\u00c0 travers nos <strong>r\u00e9unions de partage<\/strong>, nos <strong>moments de louange<\/strong> vibrants et des <strong>enseignements inspir\u00e9s<\/strong>, nous cr\u00e9ons un environnement o\u00f9 chaque jeune peut grandir dans la foi, d\u00e9couvrir ses dons et exp\u00e9rimenter la puissance de Dieu dans sa vie quotidienne.<\/span><\/p>\n<p style=\"text-align: center;\"><span style=\"color: rgba(0, 0, 0, 0.8);\">Que vous soyez en qu\u00eate de r\u00e9ponses, de soutien, ou que vous souhaitiez simplement approfondir votre relation avec Dieu, MCE Jeunesse est l\u2019endroit id\u00e9al pour vous connecter avec des jeunes partageant les m\u00eames aspirations spirituelles.<\/span><\/p>\n<p style=\"text-align: center;\"><span style=\"color: rgba(0, 0, 0, 0.8);\"><strong>Rejoignez-nous et vivons ensemble des moments uniques avec le Seigneur !<\/strong><\/span><\/p>\n<\/div>\n<\/div>\n<p>[\/et_pb_text][\/et_pb_column][\/et_pb_row][\/et_pb_section]<\/p>\n","protected":false},"excerpt":{"rendered":"<p>D\u00e9partement jeunesse\u00c0 partir de 18 ans Ann\u00e9e 2026 NOUVELLE VISION, NOUVEAU STAFF, NOUVEAUX PASTEURS ! MCE Jeunesse, un espace sp\u00e9cialement con\u00e7u pour les jeunes qui d\u00e9sirent aller plus loin dans leur marche avec le Seigneur. Nous croyons que chaque jeune peut vivre une relation profonde et personnelle avec Dieu, et nous sommes l\u00e0 pour vous [&hellip;]<\/p>\n","protected":false},"author":4,"featured_media":0,"parent":0,"menu_order":0,"comment_status":"closed","ping_status":"closed","template":"","meta":{"_et_pb_use_builder":"on","_et_pb_old_content":"","_et_gb_content_width":"","_exactmetrics_skip_tracking":false,"_exactmetrics_sitenote_active":false,"_exactmetrics_sitenote_note":"","_exactmetrics_sitenote_category":0,"footnotes":""},"class_list":["post-3816","page","type-page","status-publish","hentry"],"yoast_head":"<!-- This site is optimized with the Yoast SEO plugin v23.9 - https:\/\/yoast.com\/wordpress\/plugins\/seo\/ -->\n<title>Jeunesse - Mission Chr\u00e9tienne \u00c9vang\u00e9lique de la Champagne<\/title>\n<meta name=\"robots\" content=\"index, follow, max-snippet:-1, max-image-preview:large, max-video-preview:-1\" \/>\n<link rel=\"canonical\" href=\"https:\/\/www.mcechampagne.fr\/site\/departement-jeunesse\/\" \/>\n<meta property=\"og:locale\" content=\"fr_FR\" \/>\n<meta property=\"og:type\" content=\"article\" \/>\n<meta property=\"og:title\" content=\"Jeunesse - Mission Chr\u00e9tienne \u00c9vang\u00e9lique de la Champagne\" \/>\n<meta property=\"og:description\" content=\"D\u00e9partement jeunesse\u00c0 partir de 18 ans Ann\u00e9e 2026 NOUVELLE VISION, NOUVEAU STAFF, NOUVEAUX PASTEURS ! MCE Jeunesse, un espace sp\u00e9cialement con\u00e7u pour les jeunes qui d\u00e9sirent aller plus loin dans leur marche avec le Seigneur. Nous croyons que chaque jeune peut vivre une relation profonde et personnelle avec Dieu, et nous sommes l\u00e0 pour vous [&hellip;]\" \/>\n<meta property=\"og:url\" content=\"https:\/\/www.mcechampagne.fr\/site\/departement-jeunesse\/\" \/>\n<meta property=\"og:site_name\" content=\"Mission Chr\u00e9tienne \u00c9vang\u00e9lique de la Champagne\" \/>\n<meta property=\"article:publisher\" content=\"https:\/\/www.facebook.com\/mcereims\" \/>\n<meta property=\"article:modified_time\" content=\"2026-01-05T16:07:56+00:00\" \/>\n<meta property=\"og:image\" content=\"https:\/\/www.mcechampagne.fr\/site\/wp-content\/uploads\/2021\/04\/WhatsApp-Image-2021-04-22-at-16.51.27.jpeg\" \/>\n\t<meta property=\"og:image:width\" content=\"1599\" \/>\n\t<meta property=\"og:image:height\" content=\"899\" \/>\n\t<meta property=\"og:image:type\" content=\"image\/jpeg\" \/>\n<meta name=\"twitter:card\" content=\"summary_large_image\" \/>\n<meta name=\"twitter:label1\" content=\"Dur\u00e9e de lecture estim\u00e9e\" \/>\n\t<meta name=\"twitter:data1\" content=\"3 minutes\" \/>\n<script type=\"application\/ld+json\" class=\"yoast-schema-graph\">{\"@context\":\"https:\/\/schema.org\",\"@graph\":[{\"@type\":\"WebPage\",\"@id\":\"https:\/\/www.mcechampagne.fr\/site\/departement-jeunesse\/\",\"url\":\"https:\/\/www.mcechampagne.fr\/site\/departement-jeunesse\/\",\"name\":\"Jeunesse - Mission Chr\u00e9tienne \u00c9vang\u00e9lique de la Champagne\",\"isPartOf\":{\"@id\":\"https:\/\/www.mcechampagne.fr\/site\/#website\"},\"datePublished\":\"2021-09-07T18:23:44+00:00\",\"dateModified\":\"2026-01-05T16:07:56+00:00\",\"breadcrumb\":{\"@id\":\"https:\/\/www.mcechampagne.fr\/site\/departement-jeunesse\/#breadcrumb\"},\"inLanguage\":\"fr-FR\",\"potentialAction\":[{\"@type\":\"ReadAction\",\"target\":[\"https:\/\/www.mcechampagne.fr\/site\/departement-jeunesse\/\"]}]},{\"@type\":\"BreadcrumbList\",\"@id\":\"https:\/\/www.mcechampagne.fr\/site\/departement-jeunesse\/#breadcrumb\",\"itemListElement\":[{\"@type\":\"ListItem\",\"position\":1,\"name\":\"Accueil\",\"item\":\"https:\/\/www.mcechampagne.fr\/site\/\"},{\"@type\":\"ListItem\",\"position\":2,\"name\":\"eDepJeunesse\"}]},{\"@type\":\"WebSite\",\"@id\":\"https:\/\/www.mcechampagne.fr\/site\/#website\",\"url\":\"https:\/\/www.mcechampagne.fr\/site\/\",\"name\":\"Mission Chr\u00e9tienne \u00c9vang\u00e9lique de la Champagne\",\"description\":\"Une \u00e9glise pour ceux qui ne veulent plus d&#039;\u00e9glise\",\"publisher\":{\"@id\":\"https:\/\/www.mcechampagne.fr\/site\/#organization\"},\"potentialAction\":[{\"@type\":\"SearchAction\",\"target\":{\"@type\":\"EntryPoint\",\"urlTemplate\":\"https:\/\/www.mcechampagne.fr\/site\/?s={search_term_string}\"},\"query-input\":{\"@type\":\"PropertyValueSpecification\",\"valueRequired\":true,\"valueName\":\"search_term_string\"}}],\"inLanguage\":\"fr-FR\"},{\"@type\":\"Organization\",\"@id\":\"https:\/\/www.mcechampagne.fr\/site\/#organization\",\"name\":\"MCE Champagne\",\"url\":\"https:\/\/www.mcechampagne.fr\/site\/\",\"logo\":{\"@type\":\"ImageObject\",\"inLanguage\":\"fr-FR\",\"@id\":\"https:\/\/www.mcechampagne.fr\/site\/#\/schema\/logo\/image\/\",\"url\":\"https:\/\/www.mcechampagne.fr\/site\/wp-content\/uploads\/2018\/04\/mce-logo-png.png\",\"contentUrl\":\"https:\/\/www.mcechampagne.fr\/site\/wp-content\/uploads\/2018\/04\/mce-logo-png.png\",\"width\":403,\"height\":74,\"caption\":\"MCE Champagne\"},\"image\":{\"@id\":\"https:\/\/www.mcechampagne.fr\/site\/#\/schema\/logo\/image\/\"},\"sameAs\":[\"https:\/\/www.facebook.com\/mcereims\",\"https:\/\/www.instagram.com\/mce_reims\/?hl=fr\",\"https:\/\/www.youtube.com\/user\/ccea777\"]}]}<\/script>\n<!-- \/ Yoast SEO plugin. -->","yoast_head_json":{"title":"Jeunesse - Mission Chr\u00e9tienne \u00c9vang\u00e9lique de la Champagne","robots":{"index":"index","follow":"follow","max-snippet":"max-snippet:-1","max-image-preview":"max-image-preview:large","max-video-preview":"max-video-preview:-1"},"canonical":"https:\/\/www.mcechampagne.fr\/site\/departement-jeunesse\/","og_locale":"fr_FR","og_type":"article","og_title":"Jeunesse - Mission Chr\u00e9tienne \u00c9vang\u00e9lique de la Champagne","og_description":"D\u00e9partement jeunesse\u00c0 partir de 18 ans Ann\u00e9e 2026 NOUVELLE VISION, NOUVEAU STAFF, NOUVEAUX PASTEURS ! MCE Jeunesse, un espace sp\u00e9cialement con\u00e7u pour les jeunes qui d\u00e9sirent aller plus loin dans leur marche avec le Seigneur. Nous croyons que chaque jeune peut vivre une relation profonde et personnelle avec Dieu, et nous sommes l\u00e0 pour vous [&hellip;]","og_url":"https:\/\/www.mcechampagne.fr\/site\/departement-jeunesse\/","og_site_name":"Mission Chr\u00e9tienne \u00c9vang\u00e9lique de la Champagne","article_publisher":"https:\/\/www.facebook.com\/mcereims","article_modified_time":"2026-01-05T16:07:56+00:00","og_image":[{"width":1599,"height":899,"url":"https:\/\/www.mcechampagne.fr\/site\/wp-content\/uploads\/2021\/04\/WhatsApp-Image-2021-04-22-at-16.51.27.jpeg","type":"image\/jpeg"}],"twitter_card":"summary_large_image","twitter_misc":{"Dur\u00e9e de lecture estim\u00e9e":"3 minutes"},"schema":{"@context":"https:\/\/schema.org","@graph":[{"@type":"WebPage","@id":"https:\/\/www.mcechampagne.fr\/site\/departement-jeunesse\/","url":"https:\/\/www.mcechampagne.fr\/site\/departement-jeunesse\/","name":"Jeunesse - Mission Chr\u00e9tienne \u00c9vang\u00e9lique de la Champagne","isPartOf":{"@id":"https:\/\/www.mcechampagne.fr\/site\/#website"},"datePublished":"2021-09-07T18:23:44+00:00","dateModified":"2026-01-05T16:07:56+00:00","breadcrumb":{"@id":"https:\/\/www.mcechampagne.fr\/site\/departement-jeunesse\/#breadcrumb"},"inLanguage":"fr-FR","potentialAction":[{"@type":"ReadAction","target":["https:\/\/www.mcechampagne.fr\/site\/departement-jeunesse\/"]}]},{"@type":"BreadcrumbList","@id":"https:\/\/www.mcechampagne.fr\/site\/departement-jeunesse\/#breadcrumb","itemListElement":[{"@type":"ListItem","position":1,"name":"Accueil","item":"https:\/\/www.mcechampagne.fr\/site\/"},{"@type":"ListItem","position":2,"name":"eDepJeunesse"}]},{"@type":"WebSite","@id":"https:\/\/www.mcechampagne.fr\/site\/#website","url":"https:\/\/www.mcechampagne.fr\/site\/","name":"Mission Chr\u00e9tienne \u00c9vang\u00e9lique de la Champagne","description":"Une \u00e9glise pour ceux qui ne veulent plus d&#039;\u00e9glise","publisher":{"@id":"https:\/\/www.mcechampagne.fr\/site\/#organization"},"potentialAction":[{"@type":"SearchAction","target":{"@type":"EntryPoint","urlTemplate":"https:\/\/www.mcechampagne.fr\/site\/?s={search_term_string}"},"query-input":{"@type":"PropertyValueSpecification","valueRequired":true,"valueName":"search_term_string"}}],"inLanguage":"fr-FR"},{"@type":"Organization","@id":"https:\/\/www.mcechampagne.fr\/site\/#organization","name":"MCE Champagne","url":"https:\/\/www.mcechampagne.fr\/site\/","logo":{"@type":"ImageObject","inLanguage":"fr-FR","@id":"https:\/\/www.mcechampagne.fr\/site\/#\/schema\/logo\/image\/","url":"https:\/\/www.mcechampagne.fr\/site\/wp-content\/uploads\/2018\/04\/mce-logo-png.png","contentUrl":"https:\/\/www.mcechampagne.fr\/site\/wp-content\/uploads\/2018\/04\/mce-logo-png.png","width":403,"height":74,"caption":"MCE Champagne"},"image":{"@id":"https:\/\/www.mcechampagne.fr\/site\/#\/schema\/logo\/image\/"},"sameAs":["https:\/\/www.facebook.com\/mcereims","https:\/\/www.instagram.com\/mce_reims\/?hl=fr","https:\/\/www.youtube.com\/user\/ccea777"]}]}},"_links":{"self":[{"href":"https:\/\/www.mcechampagne.fr\/site\/wp-json\/wp\/v2\/pages\/3816","targetHints":{"allow":["GET"]}}],"collection":[{"href":"https:\/\/www.mcechampagne.fr\/site\/wp-json\/wp\/v2\/pages"}],"about":[{"href":"https:\/\/www.mcechampagne.fr\/site\/wp-json\/wp\/v2\/types\/page"}],"author":[{"embeddable":true,"href":"https:\/\/www.mcechampagne.fr\/site\/wp-json\/wp\/v2\/users\/4"}],"replies":[{"embeddable":true,"href":"https:\/\/www.mcechampagne.fr\/site\/wp-json\/wp\/v2\/comments?post=3816"}],"version-history":[{"count":36,"href":"https:\/\/www.mcechampagne.fr\/site\/wp-json\/wp\/v2\/pages\/3816\/revisions"}],"predecessor-version":[{"id":6168,"href":"https:\/\/www.mcechampagne.fr\/site\/wp-json\/wp\/v2\/pages\/3816\/revisions\/6168"}],"wp:attachment":[{"href":"https:\/\/www.mcechampagne.fr\/site\/wp-json\/wp\/v2\/media?parent=3816"}],"curies":[{"name":"wp","href":"https:\/\/api.w.org\/{rel}","templated":true}]}}