{"id":4107,"date":"2022-04-19T22:24:02","date_gmt":"2022-04-19T20:24:02","guid":{"rendered":"https:\/\/www.mcechampagne.fr\/site\/?page_id=4107"},"modified":"2026-01-05T18:24:26","modified_gmt":"2026-01-05T17:24:26","slug":"dons-mce-crypto","status":"publish","type":"page","link":"https:\/\/www.mcechampagne.fr\/site\/dons-mce-crypto\/","title":{"rendered":"eDonsCrypto"},"content":{"rendered":"<p>[et_pb_section fb_built=\u00a0\u00bb1&Prime; _builder_version=\u00a0\u00bb4.27.3&Prime; _module_preset=\u00a0\u00bbdefault\u00a0\u00bb background_color=\u00a0\u00bb#000000&Prime; background_image=\u00a0\u00bbhttps:\/\/www.mcechampagne.fr\/site\/wp-content\/uploads\/2022\/08\/pexels-worldspectrum-844124-scaled.jpg\u00a0\u00bb custom_margin=\u00a0\u00bb||||false|false\u00a0\u00bb custom_padding=\u00a0\u00bb||||false|false\u00a0\u00bb global_colors_info=\u00a0\u00bb{}\u00a0\u00bb][et_pb_row _builder_version=\u00a0\u00bb4.27.3&Prime; _module_preset=\u00a0\u00bbdefault\u00a0\u00bb module_alignment=\u00a0\u00bbcenter\u00a0\u00bb custom_margin=\u00a0\u00bb||||true|false\u00a0\u00bb custom_padding=\u00a0\u00bb||||true|false\u00a0\u00bb global_colors_info=\u00a0\u00bb{}\u00a0\u00bb][et_pb_column type=\u00a0\u00bb4_4&Prime; _builder_version=\u00a0\u00bb4.16&Prime; _module_preset=\u00a0\u00bbdefault\u00a0\u00bb global_colors_info=\u00a0\u00bb{}\u00a0\u00bb][et_pb_text _builder_version=\u00a0\u00bb4.27.3&Prime; _module_preset=\u00a0\u00bbdefault\u00a0\u00bb text_font=\u00a0\u00bbMontserrat||||||||\u00a0\u00bb header_font=\u00a0\u00bbMontserrat|900||on|||||\u00a0\u00bb header_text_align=\u00a0\u00bbcenter\u00a0\u00bb header_text_color=\u00a0\u00bb#FFFFFF\u00a0\u00bb header_font_size=\u00a0\u00bb31px\u00a0\u00bb background_enable_image=\u00a0\u00bboff\u00a0\u00bb text_text_shadow_style=\u00a0\u00bbpreset1&Prime; text_text_shadow_horizontal_length=\u00a0\u00bb1.55em\u00a0\u00bb header_text_shadow_style=\u00a0\u00bbpreset3&Prime; global_colors_info=\u00a0\u00bb{}\u00a0\u00bb]<\/p>\n<h1><span style=\"color: #ffffff;\">Faire un don \u00e0 MCE en crypto monnaie<\/span><\/h1>\n<p>[\/et_pb_text][\/et_pb_column][\/et_pb_row][\/et_pb_section][et_pb_section fb_built=\u00a0\u00bb1&Prime; _builder_version=\u00a0\u00bb4.16&Prime; _module_preset=\u00a0\u00bbdefault\u00a0\u00bb global_colors_info=\u00a0\u00bb{}\u00a0\u00bb][et_pb_row column_structure=\u00a0\u00bb3_5,2_5&Prime; module_class=\u00a0\u00bbet_pb_row_fullwidth\u00a0\u00bb _builder_version=\u00a0\u00bb4.16&Prime; _module_preset=\u00a0\u00bbdefault\u00a0\u00bb global_colors_info=\u00a0\u00bb{}\u00a0\u00bb][et_pb_column type=\u00a0\u00bb3_5&Prime; _builder_version=\u00a0\u00bb4.16&Prime; _module_preset=\u00a0\u00bbdefault\u00a0\u00bb global_colors_info=\u00a0\u00bb{}\u00a0\u00bb][et_pb_image src=\u00a0\u00bbhttps:\/\/www.mcechampagne.fr\/site\/wp-content\/uploads\/2026\/01\/IMG_1021.jpeg\u00a0\u00bb title_text=\u00a0\u00bbIMG_1021&Prime; _builder_version=\u00a0\u00bb4.27.3&Prime; _module_preset=\u00a0\u00bbdefault\u00a0\u00bb hover_enabled=\u00a0\u00bb0&Prime; global_colors_info=\u00a0\u00bb{}\u00a0\u00bb sticky_enabled=\u00a0\u00bb0&Prime;][\/et_pb_image][\/et_pb_column][et_pb_column type=\u00a0\u00bb2_5&Prime; _builder_version=\u00a0\u00bb4.16&Prime; _module_preset=\u00a0\u00bbdefault\u00a0\u00bb global_colors_info=\u00a0\u00bb{}\u00a0\u00bb][et_pb_text _builder_version=\u00a0\u00bb4.27.3&Prime; _module_preset=\u00a0\u00bbdefault\u00a0\u00bb header_font=\u00a0\u00bbMontserrat|600|||||||\u00a0\u00bb header_text_align=\u00a0\u00bbcenter\u00a0\u00bb custom_margin=\u00a0\u00bb130px|||||\u00a0\u00bb global_colors_info=\u00a0\u00bb{}\u00a0\u00bb]<\/p>\n<h1>Faire un don Bitcoin<\/h1>\n<p>[\/et_pb_text][et_pb_image src=\u00a0\u00bbhttps:\/\/www.mcechampagne.fr\/site\/wp-content\/uploads\/2022\/05\/QRCode-BTC.png\u00a0\u00bb title_text=\u00a0\u00bbQRCode BTC\u00a0\u00bb show_in_lightbox=\u00a0\u00bbon\u00a0\u00bb align=\u00a0\u00bbcenter\u00a0\u00bb _builder_version=\u00a0\u00bb4.27.3&Prime; _module_preset=\u00a0\u00bbdefault\u00a0\u00bb global_colors_info=\u00a0\u00bb{}\u00a0\u00bb][\/et_pb_image][et_pb_text disabled_on=\u00a0\u00bboff|off|off\u00a0\u00bb _builder_version=\u00a0\u00bb4.27.3&Prime; _module_preset=\u00a0\u00bbdefault\u00a0\u00bb text_font=\u00a0\u00bbMontserrat||||||||\u00a0\u00bb text_text_color=\u00a0\u00bb#000000&Prime; header_font=\u00a0\u00bbMontserrat||||||||\u00a0\u00bb min_height=\u00a0\u00bb35px\u00a0\u00bb global_colors_info=\u00a0\u00bb{}\u00a0\u00bb]<\/p>\n<p style=\"text-align: center;\">Adresse de d\u00e9p\u00f4t: 3AntjihhkMGsF3b5zPrrMLajCbyxGwhXLz<\/p>\n<p style=\"text-align: center;\">R\u00e9seau : Bitcoin<\/p>\n<p>[\/et_pb_text][et_pb_code _builder_version=\u00a0\u00bb4.27.3&Prime; _module_preset=\u00a0\u00bbdefault\u00a0\u00bb global_colors_info=\u00a0\u00bb{}\u00a0\u00bb]<\/p>\n<div class=\"copy-box\"><!-- [et_pb_line_break_holder] -->  <\/p>\n<pre id=\"text-to-copy\" class=\"code-block\">3AntjihhkMGsF3b5zPrrMLajCbyxGwhXLz<\/pre>\n<p><!-- [et_pb_line_break_holder] -->  <button onclick=\"copyText()\" class=\"copy-btn\">Copier<\/button><!-- [et_pb_line_break_holder] -->  <span id=\"feedback\" class=\"feedback\"><\/span><!-- [et_pb_line_break_holder] --><\/div>\n<p><!-- [et_pb_line_break_holder] --><!-- [et_pb_line_break_holder] --><\/p>\n<style><!-- [et_pb_line_break_holder] -->.copy-box {<!-- [et_pb_line_break_holder] -->  position: relative;<!-- [et_pb_line_break_holder] -->  margin: 20px 0;<!-- [et_pb_line_break_holder] -->  font-family: 'Courier New', monospace;<!-- [et_pb_line_break_holder] -->}<!-- [et_pb_line_break_holder] -->.code-block {<!-- [et_pb_line_break_holder] -->  background: #f5f5f5;<!-- [et_pb_line_break_holder] -->  padding: 15px;<!-- [et_pb_line_break_holder] -->  border-radius: 8px;<!-- [et_pb_line_break_holder] -->  border: 1px solid #ddd;<!-- [et_pb_line_break_holder] -->  white-space: pre-wrap;<!-- [et_pb_line_break_holder] -->  margin: 0 0 10px 0;<!-- [et_pb_line_break_holder] -->  font-size: 14px;<!-- [et_pb_line_break_holder] -->  line-height: 1.5;<!-- [et_pb_line_break_holder] -->}<!-- [et_pb_line_break_holder] -->.copy-btn {<!-- [et_pb_line_break_holder] -->  padding: 8px 16px;<!-- [et_pb_line_break_holder] -->  background: #2271b1;<!-- [et_pb_line_break_holder] -->  color: white;<!-- [et_pb_line_break_holder] -->  border: none;<!-- [et_pb_line_break_holder] -->  border-radius: 4px;<!-- [et_pb_line_break_holder] -->  cursor: pointer;<!-- [et_pb_line_break_holder] -->  font-size: 14px;<!-- [et_pb_line_break_holder] -->  transition: background 0.3s;<!-- [et_pb_line_break_holder] -->}<!-- [et_pb_line_break_holder] -->.copy-btn:hover {<!-- [et_pb_line_break_holder] -->  background: #135e96;<!-- [et_pb_line_break_holder] -->}<!-- [et_pb_line_break_holder] -->.feedback {<!-- [et_pb_line_break_holder] -->  margin-left: 10px;<!-- [et_pb_line_break_holder] -->  color: #46b450;<!-- [et_pb_line_break_holder] -->  font-weight: bold;<!-- [et_pb_line_break_holder] -->  opacity: 0;<!-- [et_pb_line_break_holder] -->  transition: opacity 0.3s;<!-- [et_pb_line_break_holder] -->}<!-- [et_pb_line_break_holder] --><\/style>\n<p><!-- [et_pb_line_break_holder] --><!-- [et_pb_line_break_holder] --><script><!-- [et_pb_line_break_holder] -->function copyText() {<!-- [et_pb_line_break_holder] -->  const text = document.getElementById('text-to-copy').innerText;<!-- [et_pb_line_break_holder] -->  navigator.clipboard.writeText(text).then(() => {<!-- [et_pb_line_break_holder] -->    const feedback = document.getElementById('feedback');<!-- [et_pb_line_break_holder] -->    feedback.textContent = 'Copi\u00e9 !';<!-- [et_pb_line_break_holder] -->    feedback.style.opacity = '1';<!-- [et_pb_line_break_holder] -->    setTimeout(() => feedback.style.opacity = '0', 2000);<!-- [et_pb_line_break_holder] -->  }).catch(() => {<!-- [et_pb_line_break_holder] -->    alert('Erreur : impossible de copier.');<!-- [et_pb_line_break_holder] -->  });<!-- [et_pb_line_break_holder] -->}<!-- [et_pb_line_break_holder] --><\/script>[\/et_pb_code][et_pb_image src=\u00a0\u00bbhttps:\/\/www.mcechampagne.fr\/site\/wp-content\/uploads\/2022\/05\/MCE-Adresse-depot-BTC.png\u00a0\u00bb title_text=\u00a0\u00bbMCE Adresse depot BTC\u00a0\u00bb show_in_lightbox=\u00a0\u00bbon\u00a0\u00bb disabled_on=\u00a0\u00bbon|on|on\u00a0\u00bb _builder_version=\u00a0\u00bb4.16&Prime; _module_preset=\u00a0\u00bbdefault\u00a0\u00bb disabled=\u00a0\u00bbon\u00a0\u00bb global_colors_info=\u00a0\u00bb{}\u00a0\u00bb][\/et_pb_image][et_pb_image _builder_version=\u00a0\u00bb4.16&Prime; _module_preset=\u00a0\u00bbdefault\u00a0\u00bb global_colors_info=\u00a0\u00bb{}\u00a0\u00bb][\/et_pb_image][\/et_pb_column][\/et_pb_row][\/et_pb_section]<\/p>\n","protected":false},"excerpt":{"rendered":"<p>Faire un don \u00e0 MCE en crypto monnaieFaire un don BitcoinAdresse de d\u00e9p\u00f4t: 3AntjihhkMGsF3b5zPrrMLajCbyxGwhXLz R\u00e9seau : Bitcoin<\/p>\n","protected":false},"author":3,"featured_media":0,"parent":0,"menu_order":0,"comment_status":"closed","ping_status":"closed","template":"","meta":{"_et_pb_use_builder":"on","_et_pb_old_content":"","_et_gb_content_width":"","_exactmetrics_skip_tracking":false,"_exactmetrics_sitenote_active":false,"_exactmetrics_sitenote_note":"","_exactmetrics_sitenote_category":0,"footnotes":""},"class_list":["post-4107","page","type-page","status-publish","hentry"],"yoast_head":"<!-- This site is optimized with the Yoast SEO plugin v23.9 - https:\/\/yoast.com\/wordpress\/plugins\/seo\/ -->\n<title>Dons MCE Mission Chr\u00e9tienne \u00c9vang\u00e9lique - Nous soutenir<\/title>\n<meta name=\"description\" content=\"L&#039;association et les dons vers\u00e9s \u00e0 MCE des \u00e9glises MCE de la Champagne permettent aux membres de leur assembl\u00e9e de verser leur d\u00eemes et offrandes.\" \/>\n<meta name=\"robots\" content=\"index, follow, max-snippet:-1, max-image-preview:large, max-video-preview:-1\" \/>\n<link rel=\"canonical\" href=\"https:\/\/www.mcechampagne.fr\/site\/dons-mce-crypto\/\" \/>\n<meta property=\"og:locale\" content=\"fr_FR\" \/>\n<meta property=\"og:type\" content=\"article\" \/>\n<meta property=\"og:title\" content=\"Soutenir MCE en CRYPTO MONNAIE\" \/>\n<meta property=\"og:description\" content=\"Bitcoin, USDT et Ethereum accept\u00e9s.\" \/>\n<meta property=\"og:url\" content=\"https:\/\/www.mcechampagne.fr\/site\/dons-mce-crypto\/\" \/>\n<meta property=\"og:site_name\" content=\"Mission Chr\u00e9tienne \u00c9vang\u00e9lique de la Champagne\" \/>\n<meta property=\"article:publisher\" content=\"https:\/\/www.facebook.com\/mcereims\" \/>\n<meta property=\"article:modified_time\" content=\"2026-01-05T17:24:26+00:00\" \/>\n<meta property=\"og:image\" content=\"https:\/\/www.mcechampagne.fr\/site\/wp-content\/uploads\/2022\/04\/crypto.jpg\" \/>\n\t<meta property=\"og:image:width\" content=\"1200\" \/>\n\t<meta property=\"og:image:height\" content=\"700\" \/>\n\t<meta property=\"og:image:type\" content=\"image\/jpeg\" \/>\n<meta name=\"twitter:card\" content=\"summary_large_image\" \/>\n<meta name=\"twitter:title\" content=\"Soutenir MCE en CRYPTO MONNAIE\" \/>\n<meta name=\"twitter:description\" content=\"Bitcoin, USDT et Ethereum accept\u00e9s.\" \/>\n<meta name=\"twitter:image\" content=\"https:\/\/www.mcechampagne.fr\/site\/wp-content\/uploads\/2022\/04\/crypto.jpg\" \/>\n<script type=\"application\/ld+json\" class=\"yoast-schema-graph\">{\"@context\":\"https:\/\/schema.org\",\"@graph\":[{\"@type\":\"WebPage\",\"@id\":\"https:\/\/www.mcechampagne.fr\/site\/dons-mce-crypto\/\",\"url\":\"https:\/\/www.mcechampagne.fr\/site\/dons-mce-crypto\/\",\"name\":\"Dons MCE Mission Chr\u00e9tienne \u00c9vang\u00e9lique - Nous soutenir\",\"isPartOf\":{\"@id\":\"https:\/\/www.mcechampagne.fr\/site\/#website\"},\"datePublished\":\"2022-04-19T20:24:02+00:00\",\"dateModified\":\"2026-01-05T17:24:26+00:00\",\"description\":\"L'association et les dons vers\u00e9s \u00e0 MCE des \u00e9glises MCE de la Champagne permettent aux membres de leur assembl\u00e9e de verser leur d\u00eemes et offrandes.\",\"breadcrumb\":{\"@id\":\"https:\/\/www.mcechampagne.fr\/site\/dons-mce-crypto\/#breadcrumb\"},\"inLanguage\":\"fr-FR\",\"potentialAction\":[{\"@type\":\"ReadAction\",\"target\":[\"https:\/\/www.mcechampagne.fr\/site\/dons-mce-crypto\/\"]}]},{\"@type\":\"BreadcrumbList\",\"@id\":\"https:\/\/www.mcechampagne.fr\/site\/dons-mce-crypto\/#breadcrumb\",\"itemListElement\":[{\"@type\":\"ListItem\",\"position\":1,\"name\":\"Accueil\",\"item\":\"https:\/\/www.mcechampagne.fr\/site\/\"},{\"@type\":\"ListItem\",\"position\":2,\"name\":\"eDonsCrypto\"}]},{\"@type\":\"WebSite\",\"@id\":\"https:\/\/www.mcechampagne.fr\/site\/#website\",\"url\":\"https:\/\/www.mcechampagne.fr\/site\/\",\"name\":\"Mission Chr\u00e9tienne \u00c9vang\u00e9lique de la Champagne\",\"description\":\"Une \u00e9glise pour ceux qui ne veulent plus d&#039;\u00e9glise\",\"publisher\":{\"@id\":\"https:\/\/www.mcechampagne.fr\/site\/#organization\"},\"potentialAction\":[{\"@type\":\"SearchAction\",\"target\":{\"@type\":\"EntryPoint\",\"urlTemplate\":\"https:\/\/www.mcechampagne.fr\/site\/?s={search_term_string}\"},\"query-input\":{\"@type\":\"PropertyValueSpecification\",\"valueRequired\":true,\"valueName\":\"search_term_string\"}}],\"inLanguage\":\"fr-FR\"},{\"@type\":\"Organization\",\"@id\":\"https:\/\/www.mcechampagne.fr\/site\/#organization\",\"name\":\"MCE Champagne\",\"url\":\"https:\/\/www.mcechampagne.fr\/site\/\",\"logo\":{\"@type\":\"ImageObject\",\"inLanguage\":\"fr-FR\",\"@id\":\"https:\/\/www.mcechampagne.fr\/site\/#\/schema\/logo\/image\/\",\"url\":\"https:\/\/www.mcechampagne.fr\/site\/wp-content\/uploads\/2018\/04\/mce-logo-png.png\",\"contentUrl\":\"https:\/\/www.mcechampagne.fr\/site\/wp-content\/uploads\/2018\/04\/mce-logo-png.png\",\"width\":403,\"height\":74,\"caption\":\"MCE Champagne\"},\"image\":{\"@id\":\"https:\/\/www.mcechampagne.fr\/site\/#\/schema\/logo\/image\/\"},\"sameAs\":[\"https:\/\/www.facebook.com\/mcereims\",\"https:\/\/www.instagram.com\/mce_reims\/?hl=fr\",\"https:\/\/www.youtube.com\/user\/ccea777\"]}]}<\/script>\n<!-- \/ Yoast SEO plugin. -->","yoast_head_json":{"title":"Dons MCE Mission Chr\u00e9tienne \u00c9vang\u00e9lique - Nous soutenir","description":"L'association et les dons vers\u00e9s \u00e0 MCE des \u00e9glises MCE de la Champagne permettent aux membres de leur assembl\u00e9e de verser leur d\u00eemes et offrandes.","robots":{"index":"index","follow":"follow","max-snippet":"max-snippet:-1","max-image-preview":"max-image-preview:large","max-video-preview":"max-video-preview:-1"},"canonical":"https:\/\/www.mcechampagne.fr\/site\/dons-mce-crypto\/","og_locale":"fr_FR","og_type":"article","og_title":"Soutenir MCE en CRYPTO MONNAIE","og_description":"Bitcoin, USDT et Ethereum accept\u00e9s.","og_url":"https:\/\/www.mcechampagne.fr\/site\/dons-mce-crypto\/","og_site_name":"Mission Chr\u00e9tienne \u00c9vang\u00e9lique de la Champagne","article_publisher":"https:\/\/www.facebook.com\/mcereims","article_modified_time":"2026-01-05T17:24:26+00:00","og_image":[{"width":1200,"height":700,"url":"https:\/\/www.mcechampagne.fr\/site\/wp-content\/uploads\/2022\/04\/crypto.jpg","type":"image\/jpeg"}],"twitter_card":"summary_large_image","twitter_title":"Soutenir MCE en CRYPTO MONNAIE","twitter_description":"Bitcoin, USDT et Ethereum accept\u00e9s.","twitter_image":"https:\/\/www.mcechampagne.fr\/site\/wp-content\/uploads\/2022\/04\/crypto.jpg","schema":{"@context":"https:\/\/schema.org","@graph":[{"@type":"WebPage","@id":"https:\/\/www.mcechampagne.fr\/site\/dons-mce-crypto\/","url":"https:\/\/www.mcechampagne.fr\/site\/dons-mce-crypto\/","name":"Dons MCE Mission Chr\u00e9tienne \u00c9vang\u00e9lique - Nous soutenir","isPartOf":{"@id":"https:\/\/www.mcechampagne.fr\/site\/#website"},"datePublished":"2022-04-19T20:24:02+00:00","dateModified":"2026-01-05T17:24:26+00:00","description":"L'association et les dons vers\u00e9s \u00e0 MCE des \u00e9glises MCE de la Champagne permettent aux membres de leur assembl\u00e9e de verser leur d\u00eemes et offrandes.","breadcrumb":{"@id":"https:\/\/www.mcechampagne.fr\/site\/dons-mce-crypto\/#breadcrumb"},"inLanguage":"fr-FR","potentialAction":[{"@type":"ReadAction","target":["https:\/\/www.mcechampagne.fr\/site\/dons-mce-crypto\/"]}]},{"@type":"BreadcrumbList","@id":"https:\/\/www.mcechampagne.fr\/site\/dons-mce-crypto\/#breadcrumb","itemListElement":[{"@type":"ListItem","position":1,"name":"Accueil","item":"https:\/\/www.mcechampagne.fr\/site\/"},{"@type":"ListItem","position":2,"name":"eDonsCrypto"}]},{"@type":"WebSite","@id":"https:\/\/www.mcechampagne.fr\/site\/#website","url":"https:\/\/www.mcechampagne.fr\/site\/","name":"Mission Chr\u00e9tienne \u00c9vang\u00e9lique de la Champagne","description":"Une \u00e9glise pour ceux qui ne veulent plus d&#039;\u00e9glise","publisher":{"@id":"https:\/\/www.mcechampagne.fr\/site\/#organization"},"potentialAction":[{"@type":"SearchAction","target":{"@type":"EntryPoint","urlTemplate":"https:\/\/www.mcechampagne.fr\/site\/?s={search_term_string}"},"query-input":{"@type":"PropertyValueSpecification","valueRequired":true,"valueName":"search_term_string"}}],"inLanguage":"fr-FR"},{"@type":"Organization","@id":"https:\/\/www.mcechampagne.fr\/site\/#organization","name":"MCE Champagne","url":"https:\/\/www.mcechampagne.fr\/site\/","logo":{"@type":"ImageObject","inLanguage":"fr-FR","@id":"https:\/\/www.mcechampagne.fr\/site\/#\/schema\/logo\/image\/","url":"https:\/\/www.mcechampagne.fr\/site\/wp-content\/uploads\/2018\/04\/mce-logo-png.png","contentUrl":"https:\/\/www.mcechampagne.fr\/site\/wp-content\/uploads\/2018\/04\/mce-logo-png.png","width":403,"height":74,"caption":"MCE Champagne"},"image":{"@id":"https:\/\/www.mcechampagne.fr\/site\/#\/schema\/logo\/image\/"},"sameAs":["https:\/\/www.facebook.com\/mcereims","https:\/\/www.instagram.com\/mce_reims\/?hl=fr","https:\/\/www.youtube.com\/user\/ccea777"]}]}},"_links":{"self":[{"href":"https:\/\/www.mcechampagne.fr\/site\/wp-json\/wp\/v2\/pages\/4107","targetHints":{"allow":["GET"]}}],"collection":[{"href":"https:\/\/www.mcechampagne.fr\/site\/wp-json\/wp\/v2\/pages"}],"about":[{"href":"https:\/\/www.mcechampagne.fr\/site\/wp-json\/wp\/v2\/types\/page"}],"author":[{"embeddable":true,"href":"https:\/\/www.mcechampagne.fr\/site\/wp-json\/wp\/v2\/users\/3"}],"replies":[{"embeddable":true,"href":"https:\/\/www.mcechampagne.fr\/site\/wp-json\/wp\/v2\/comments?post=4107"}],"version-history":[{"count":33,"href":"https:\/\/www.mcechampagne.fr\/site\/wp-json\/wp\/v2\/pages\/4107\/revisions"}],"predecessor-version":[{"id":6210,"href":"https:\/\/www.mcechampagne.fr\/site\/wp-json\/wp\/v2\/pages\/4107\/revisions\/6210"}],"wp:attachment":[{"href":"https:\/\/www.mcechampagne.fr\/site\/wp-json\/wp\/v2\/media?parent=4107"}],"curies":[{"name":"wp","href":"https:\/\/api.w.org\/{rel}","templated":true}]}}