{"id":5102,"date":"2024-10-02T16:05:16","date_gmt":"2024-10-02T14:05:16","guid":{"rendered":"https:\/\/www.mcechampagne.fr\/site\/?page_id=5102"},"modified":"2025-07-15T16:07:59","modified_gmt":"2025-07-15T14:07:59","slug":"ejeunesadultes","status":"publish","type":"page","link":"https:\/\/www.mcechampagne.fr\/site\/ejeunesadultes\/","title":{"rendered":"eJeunesAdultes"},"content":{"rendered":"<p>[et_pb_section fb_built=\u00a0\u00bb1&Prime; admin_label=\u00a0\u00bbHero Section\u00a0\u00bb _builder_version=\u00a0\u00bb4.27.3&Prime; background_color=\u00a0\u00bb#000000&Prime; background_color_gradient_direction=\u00a0\u00bb131deg\u00a0\u00bb background_image=\u00a0\u00bbhttps:\/\/www.mcechampagne.fr\/site\/wp-content\/uploads\/2024\/10\/Vignettes-.png\u00a0\u00bb custom_padding=\u00a0\u00bb||||false|false\u00a0\u00bb animation_style=\u00a0\u00bbslide\u00a0\u00bb animation_direction=\u00a0\u00bbtop\u00a0\u00bb animation_intensity_slide=\u00a0\u00bb2%\u00a0\u00bb animation_starting_opacity=\u00a0\u00bb100%\u00a0\u00bb global_colors_info=\u00a0\u00bb{}\u00a0\u00bb][et_pb_row _builder_version=\u00a0\u00bb4.27.3&Prime; _module_preset=\u00a0\u00bbdefault\u00a0\u00bb global_colors_info=\u00a0\u00bb{}\u00a0\u00bb][et_pb_column type=\u00a0\u00bb4_4&Prime; _builder_version=\u00a0\u00bb4.27.3&Prime; _module_preset=\u00a0\u00bbdefault\u00a0\u00bb global_colors_info=\u00a0\u00bb{}\u00a0\u00bb][et_pb_text _builder_version=\u00a0\u00bb4.27.3&Prime; _module_preset=\u00a0\u00bbdefault\u00a0\u00bb text_font=\u00a0\u00bbMontserrat|900||on|||||\u00a0\u00bb text_text_color=\u00a0\u00bb#FFFFFF\u00a0\u00bb text_font_size=\u00a0\u00bb27px\u00a0\u00bb text_orientation=\u00a0\u00bbcenter\u00a0\u00bb text_text_shadow_style=\u00a0\u00bbpreset3&Prime; text_text_shadow_color=\u00a0\u00bbRGBA(255,255,255,0)\u00a0\u00bb global_colors_info=\u00a0\u00bb{}\u00a0\u00bb]<\/p>\n<p>D\u00e9partement jeunes adultes<\/p>\n<p>[\/et_pb_text][et_pb_text _builder_version=\u00a0\u00bb4.27.3&Prime; _module_preset=\u00a0\u00bbdefault\u00a0\u00bb text_font=\u00a0\u00bbMontserrat|600|||||||\u00a0\u00bb text_text_color=\u00a0\u00bb#FFFFFF\u00a0\u00bb text_font_size=\u00a0\u00bb18px\u00a0\u00bb text_orientation=\u00a0\u00bbcenter\u00a0\u00bb hover_enabled=\u00a0\u00bb0&Prime; text_text_shadow_style=\u00a0\u00bbpreset3&Prime; text_text_shadow_color=\u00a0\u00bbRGBA(255,255,255,0)\u00a0\u00bb global_colors_info=\u00a0\u00bb{}\u00a0\u00bb sticky_enabled=\u00a0\u00bb0&Prime;]<\/p>\n<p>\u00c0 partir de 25 ans<\/p>\n<p>[\/et_pb_text][\/et_pb_column][\/et_pb_row][\/et_pb_section][et_pb_section fb_built=\u00a0\u00bb1&Prime; _builder_version=\u00a0\u00bb4.16&Prime; _module_preset=\u00a0\u00bbdefault\u00a0\u00bb global_colors_info=\u00a0\u00bb{}\u00a0\u00bb][et_pb_row _builder_version=\u00a0\u00bb4.16&Prime; _module_preset=\u00a0\u00bbdefault\u00a0\u00bb min_height=\u00a0\u00bb298.5px\u00a0\u00bb custom_margin=\u00a0\u00bb-100px|auto||auto|false|false\u00a0\u00bb global_colors_info=\u00a0\u00bb{}\u00a0\u00bb][et_pb_column type=\u00a0\u00bb4_4&Prime; _builder_version=\u00a0\u00bb4.16&Prime; _module_preset=\u00a0\u00bbdefault\u00a0\u00bb global_colors_info=\u00a0\u00bb{}\u00a0\u00bb][et_pb_text _builder_version=\u00a0\u00bb4.27.3&Prime; text_font=\u00a0\u00bbPoppins||||||||\u00a0\u00bb text_text_color=\u00a0\u00bbrgba(255,255,255,0.8)\u00a0\u00bb text_font_size=\u00a0\u00bb18px\u00a0\u00bb text_line_height=\u00a0\u00bb1.8em\u00a0\u00bb header_font=\u00a0\u00bb||||||||\u00a0\u00bb custom_margin=\u00a0\u00bb70px|||||\u00a0\u00bb locked=\u00a0\u00bboff\u00a0\u00bb global_colors_info=\u00a0\u00bb{}\u00a0\u00bb]<\/p>\n<p class=\"cvGsUA direction-ltr align-justify para-style-body\"><span style=\"color: rgba(0, 0, 0, 0.8);\"><span class=\"OYPEnA text-decoration-none text-strikethrough-none\">Espace d\u2019\u00e9dification, d\u2019\u00e9change et de communion fraternelle d\u00e9di\u00e9 aux 25-45 ans, ce groupe a vocation \u00e0 traiter les sujets sp\u00e9cifiques \u00e0 cette p\u00e9riode de la vie dans une perspective biblique.<\/span><span class=\"OYPEnA text-decoration-none text-strikethrough-none white-space-prewrap\"><\/span><\/span><\/p>\n<p class=\"cvGsUA direction-ltr align-justify para-style-body\"><span class=\"OYPEnA text-decoration-none text-strikethrough-none\" style=\"color: rgba(0, 0, 0, 0.8);\">Finalit\u00e9 : refl\u00e9ter Christ dans toutes les sph\u00e8res de la soci\u00e9t\u00e9.<\/span><\/p>\n<p>[\/et_pb_text][\/et_pb_column][\/et_pb_row][\/et_pb_section]<\/p>\n","protected":false},"excerpt":{"rendered":"<p>D\u00e9partement jeunes adultes\u00c0 partir de 25 ansEspace d\u2019\u00e9dification, d\u2019\u00e9change et de communion fraternelle d\u00e9di\u00e9 aux 25-45 ans, ce groupe a vocation \u00e0 traiter les sujets sp\u00e9cifiques \u00e0 cette p\u00e9riode de la vie dans une perspective biblique. Finalit\u00e9 : refl\u00e9ter Christ dans toutes les sph\u00e8res de la soci\u00e9t\u00e9.<\/p>\n","protected":false},"author":10,"featured_media":0,"parent":0,"menu_order":0,"comment_status":"closed","ping_status":"closed","template":"","meta":{"_et_pb_use_builder":"on","_et_pb_old_content":"","_et_gb_content_width":"","_exactmetrics_skip_tracking":false,"_exactmetrics_sitenote_active":false,"_exactmetrics_sitenote_note":"","_exactmetrics_sitenote_category":0,"footnotes":""},"class_list":["post-5102","page","type-page","status-publish","hentry"],"yoast_head":"<!-- This site is optimized with the Yoast SEO plugin v23.9 - https:\/\/yoast.com\/wordpress\/plugins\/seo\/ -->\n<title>Jeunes adultes - D\u00e9partements MCE Champagne<\/title>\n<meta name=\"robots\" content=\"index, follow, max-snippet:-1, max-image-preview:large, max-video-preview:-1\" \/>\n<link rel=\"canonical\" href=\"https:\/\/www.mcechampagne.fr\/site\/ejeunesadultes\/\" \/>\n<meta property=\"og:locale\" content=\"fr_FR\" \/>\n<meta property=\"og:type\" content=\"article\" \/>\n<meta property=\"og:title\" content=\"Jeunes adultes - D\u00e9partements MCE Champagne\" \/>\n<meta property=\"og:description\" content=\"D\u00e9partement jeunes adultes\u00c0 partir de 25 ansEspace d\u2019\u00e9dification, d\u2019\u00e9change et de communion fraternelle d\u00e9di\u00e9 aux 25-45 ans, ce groupe a vocation \u00e0 traiter les sujets sp\u00e9cifiques \u00e0 cette p\u00e9riode de la vie dans une perspective biblique. Finalit\u00e9 : refl\u00e9ter Christ dans toutes les sph\u00e8res de la soci\u00e9t\u00e9.\" \/>\n<meta property=\"og:url\" content=\"https:\/\/www.mcechampagne.fr\/site\/ejeunesadultes\/\" \/>\n<meta property=\"og:site_name\" content=\"Mission Chr\u00e9tienne \u00c9vang\u00e9lique de la Champagne\" \/>\n<meta property=\"article:publisher\" content=\"https:\/\/www.facebook.com\/mcereims\" \/>\n<meta property=\"article:modified_time\" content=\"2025-07-15T14:07:59+00:00\" \/>\n<meta property=\"og:image\" content=\"https:\/\/www.mcechampagne.fr\/site\/wp-content\/uploads\/2021\/04\/WhatsApp-Image-2021-04-22-at-16.51.27.jpeg\" \/>\n\t<meta property=\"og:image:width\" content=\"1599\" \/>\n\t<meta property=\"og:image:height\" content=\"899\" \/>\n\t<meta property=\"og:image:type\" content=\"image\/jpeg\" \/>\n<meta name=\"twitter:card\" content=\"summary_large_image\" \/>\n<meta name=\"twitter:label1\" content=\"Dur\u00e9e de lecture estim\u00e9e\" \/>\n\t<meta name=\"twitter:data1\" content=\"1 minute\" \/>\n<script type=\"application\/ld+json\" class=\"yoast-schema-graph\">{\"@context\":\"https:\/\/schema.org\",\"@graph\":[{\"@type\":\"WebPage\",\"@id\":\"https:\/\/www.mcechampagne.fr\/site\/ejeunesadultes\/\",\"url\":\"https:\/\/www.mcechampagne.fr\/site\/ejeunesadultes\/\",\"name\":\"Jeunes adultes - D\u00e9partements MCE Champagne\",\"isPartOf\":{\"@id\":\"https:\/\/www.mcechampagne.fr\/site\/#website\"},\"datePublished\":\"2024-10-02T14:05:16+00:00\",\"dateModified\":\"2025-07-15T14:07:59+00:00\",\"breadcrumb\":{\"@id\":\"https:\/\/www.mcechampagne.fr\/site\/ejeunesadultes\/#breadcrumb\"},\"inLanguage\":\"fr-FR\",\"potentialAction\":[{\"@type\":\"ReadAction\",\"target\":[\"https:\/\/www.mcechampagne.fr\/site\/ejeunesadultes\/\"]}]},{\"@type\":\"BreadcrumbList\",\"@id\":\"https:\/\/www.mcechampagne.fr\/site\/ejeunesadultes\/#breadcrumb\",\"itemListElement\":[{\"@type\":\"ListItem\",\"position\":1,\"name\":\"Accueil\",\"item\":\"https:\/\/www.mcechampagne.fr\/site\/\"},{\"@type\":\"ListItem\",\"position\":2,\"name\":\"eJeunesAdultes\"}]},{\"@type\":\"WebSite\",\"@id\":\"https:\/\/www.mcechampagne.fr\/site\/#website\",\"url\":\"https:\/\/www.mcechampagne.fr\/site\/\",\"name\":\"Mission Chr\u00e9tienne \u00c9vang\u00e9lique de la Champagne\",\"description\":\"Une \u00e9glise pour ceux qui ne veulent plus d&#039;\u00e9glise\",\"publisher\":{\"@id\":\"https:\/\/www.mcechampagne.fr\/site\/#organization\"},\"potentialAction\":[{\"@type\":\"SearchAction\",\"target\":{\"@type\":\"EntryPoint\",\"urlTemplate\":\"https:\/\/www.mcechampagne.fr\/site\/?s={search_term_string}\"},\"query-input\":{\"@type\":\"PropertyValueSpecification\",\"valueRequired\":true,\"valueName\":\"search_term_string\"}}],\"inLanguage\":\"fr-FR\"},{\"@type\":\"Organization\",\"@id\":\"https:\/\/www.mcechampagne.fr\/site\/#organization\",\"name\":\"MCE Champagne\",\"url\":\"https:\/\/www.mcechampagne.fr\/site\/\",\"logo\":{\"@type\":\"ImageObject\",\"inLanguage\":\"fr-FR\",\"@id\":\"https:\/\/www.mcechampagne.fr\/site\/#\/schema\/logo\/image\/\",\"url\":\"https:\/\/www.mcechampagne.fr\/site\/wp-content\/uploads\/2018\/04\/mce-logo-png.png\",\"contentUrl\":\"https:\/\/www.mcechampagne.fr\/site\/wp-content\/uploads\/2018\/04\/mce-logo-png.png\",\"width\":403,\"height\":74,\"caption\":\"MCE Champagne\"},\"image\":{\"@id\":\"https:\/\/www.mcechampagne.fr\/site\/#\/schema\/logo\/image\/\"},\"sameAs\":[\"https:\/\/www.facebook.com\/mcereims\",\"https:\/\/www.instagram.com\/mce_reims\/?hl=fr\",\"https:\/\/www.youtube.com\/user\/ccea777\"]}]}<\/script>\n<!-- \/ Yoast SEO plugin. -->","yoast_head_json":{"title":"Jeunes adultes - D\u00e9partements MCE Champagne","robots":{"index":"index","follow":"follow","max-snippet":"max-snippet:-1","max-image-preview":"max-image-preview:large","max-video-preview":"max-video-preview:-1"},"canonical":"https:\/\/www.mcechampagne.fr\/site\/ejeunesadultes\/","og_locale":"fr_FR","og_type":"article","og_title":"Jeunes adultes - D\u00e9partements MCE Champagne","og_description":"D\u00e9partement jeunes adultes\u00c0 partir de 25 ansEspace d\u2019\u00e9dification, d\u2019\u00e9change et de communion fraternelle d\u00e9di\u00e9 aux 25-45 ans, ce groupe a vocation \u00e0 traiter les sujets sp\u00e9cifiques \u00e0 cette p\u00e9riode de la vie dans une perspective biblique. Finalit\u00e9 : refl\u00e9ter Christ dans toutes les sph\u00e8res de la soci\u00e9t\u00e9.","og_url":"https:\/\/www.mcechampagne.fr\/site\/ejeunesadultes\/","og_site_name":"Mission Chr\u00e9tienne \u00c9vang\u00e9lique de la Champagne","article_publisher":"https:\/\/www.facebook.com\/mcereims","article_modified_time":"2025-07-15T14:07:59+00:00","og_image":[{"width":1599,"height":899,"url":"https:\/\/www.mcechampagne.fr\/site\/wp-content\/uploads\/2021\/04\/WhatsApp-Image-2021-04-22-at-16.51.27.jpeg","type":"image\/jpeg"}],"twitter_card":"summary_large_image","twitter_misc":{"Dur\u00e9e de lecture estim\u00e9e":"1 minute"},"schema":{"@context":"https:\/\/schema.org","@graph":[{"@type":"WebPage","@id":"https:\/\/www.mcechampagne.fr\/site\/ejeunesadultes\/","url":"https:\/\/www.mcechampagne.fr\/site\/ejeunesadultes\/","name":"Jeunes adultes - D\u00e9partements MCE Champagne","isPartOf":{"@id":"https:\/\/www.mcechampagne.fr\/site\/#website"},"datePublished":"2024-10-02T14:05:16+00:00","dateModified":"2025-07-15T14:07:59+00:00","breadcrumb":{"@id":"https:\/\/www.mcechampagne.fr\/site\/ejeunesadultes\/#breadcrumb"},"inLanguage":"fr-FR","potentialAction":[{"@type":"ReadAction","target":["https:\/\/www.mcechampagne.fr\/site\/ejeunesadultes\/"]}]},{"@type":"BreadcrumbList","@id":"https:\/\/www.mcechampagne.fr\/site\/ejeunesadultes\/#breadcrumb","itemListElement":[{"@type":"ListItem","position":1,"name":"Accueil","item":"https:\/\/www.mcechampagne.fr\/site\/"},{"@type":"ListItem","position":2,"name":"eJeunesAdultes"}]},{"@type":"WebSite","@id":"https:\/\/www.mcechampagne.fr\/site\/#website","url":"https:\/\/www.mcechampagne.fr\/site\/","name":"Mission Chr\u00e9tienne \u00c9vang\u00e9lique de la Champagne","description":"Une \u00e9glise pour ceux qui ne veulent plus d&#039;\u00e9glise","publisher":{"@id":"https:\/\/www.mcechampagne.fr\/site\/#organization"},"potentialAction":[{"@type":"SearchAction","target":{"@type":"EntryPoint","urlTemplate":"https:\/\/www.mcechampagne.fr\/site\/?s={search_term_string}"},"query-input":{"@type":"PropertyValueSpecification","valueRequired":true,"valueName":"search_term_string"}}],"inLanguage":"fr-FR"},{"@type":"Organization","@id":"https:\/\/www.mcechampagne.fr\/site\/#organization","name":"MCE Champagne","url":"https:\/\/www.mcechampagne.fr\/site\/","logo":{"@type":"ImageObject","inLanguage":"fr-FR","@id":"https:\/\/www.mcechampagne.fr\/site\/#\/schema\/logo\/image\/","url":"https:\/\/www.mcechampagne.fr\/site\/wp-content\/uploads\/2018\/04\/mce-logo-png.png","contentUrl":"https:\/\/www.mcechampagne.fr\/site\/wp-content\/uploads\/2018\/04\/mce-logo-png.png","width":403,"height":74,"caption":"MCE Champagne"},"image":{"@id":"https:\/\/www.mcechampagne.fr\/site\/#\/schema\/logo\/image\/"},"sameAs":["https:\/\/www.facebook.com\/mcereims","https:\/\/www.instagram.com\/mce_reims\/?hl=fr","https:\/\/www.youtube.com\/user\/ccea777"]}]}},"_links":{"self":[{"href":"https:\/\/www.mcechampagne.fr\/site\/wp-json\/wp\/v2\/pages\/5102","targetHints":{"allow":["GET"]}}],"collection":[{"href":"https:\/\/www.mcechampagne.fr\/site\/wp-json\/wp\/v2\/pages"}],"about":[{"href":"https:\/\/www.mcechampagne.fr\/site\/wp-json\/wp\/v2\/types\/page"}],"author":[{"embeddable":true,"href":"https:\/\/www.mcechampagne.fr\/site\/wp-json\/wp\/v2\/users\/10"}],"replies":[{"embeddable":true,"href":"https:\/\/www.mcechampagne.fr\/site\/wp-json\/wp\/v2\/comments?post=5102"}],"version-history":[{"count":9,"href":"https:\/\/www.mcechampagne.fr\/site\/wp-json\/wp\/v2\/pages\/5102\/revisions"}],"predecessor-version":[{"id":5898,"href":"https:\/\/www.mcechampagne.fr\/site\/wp-json\/wp\/v2\/pages\/5102\/revisions\/5898"}],"wp:attachment":[{"href":"https:\/\/www.mcechampagne.fr\/site\/wp-json\/wp\/v2\/media?parent=5102"}],"curies":[{"name":"wp","href":"https:\/\/api.w.org\/{rel}","templated":true}]}}