{"id":5604,"date":"2025-04-29T09:39:30","date_gmt":"2025-04-29T07:39:30","guid":{"rendered":"https:\/\/www.mcechampagne.fr\/site\/?page_id=5604"},"modified":"2025-07-10T18:31:28","modified_gmt":"2025-07-10T16:31:28","slug":"epresentation-denfant","status":"publish","type":"page","link":"https:\/\/www.mcechampagne.fr\/site\/epresentation-denfant\/","title":{"rendered":"ePr\u00e9sentation d&rsquo;enfant"},"content":{"rendered":"<p>[et_pb_section fb_built=\u00a0\u00bb1&Prime; _builder_version=\u00a0\u00bb4.27.3&Prime; _module_preset=\u00a0\u00bbdefault\u00a0\u00bb background_color=\u00a0\u00bb#000000&Prime; custom_margin=\u00a0\u00bb||||false|false\u00a0\u00bb custom_padding=\u00a0\u00bb25px||||false|false\u00a0\u00bb global_colors_info=\u00a0\u00bb{}\u00a0\u00bb][et_pb_row _builder_version=\u00a0\u00bb4.27.3&Prime; _module_preset=\u00a0\u00bbdefault\u00a0\u00bb custom_margin=\u00a0\u00bb||||false|false\u00a0\u00bb custom_padding=\u00a0\u00bb||||false|false\u00a0\u00bb global_colors_info=\u00a0\u00bb{}\u00a0\u00bb][et_pb_column type=\u00a0\u00bb4_4&Prime; _builder_version=\u00a0\u00bb4.27.3&Prime; _module_preset=\u00a0\u00bbdefault\u00a0\u00bb global_colors_info=\u00a0\u00bb{}\u00a0\u00bb][et_pb_text _builder_version=\u00a0\u00bb4.27.3&Prime; _module_preset=\u00a0\u00bbdefault\u00a0\u00bb text_font=\u00a0\u00bbMontserrat||||||||\u00a0\u00bb header_font=\u00a0\u00bbMontserrat|800|||||||\u00a0\u00bb header_text_color=\u00a0\u00bb#FFFFFF\u00a0\u00bb header_font_size=\u00a0\u00bb38px\u00a0\u00bb global_colors_info=\u00a0\u00bb{}\u00a0\u00bb]<\/p>\n<h1 style=\"text-align: center;\">PR\u00c9SENTATION D&rsquo;ENFANT<\/h1>\n<p>[\/et_pb_text][et_pb_image show_bottom_space=\u00a0\u00bboff\u00a0\u00bb disabled_on=\u00a0\u00bbon|on|off\u00a0\u00bb _builder_version=\u00a0\u00bb4.16&Prime; animation_style=\u00a0\u00bbslide\u00a0\u00bb animation_direction=\u00a0\u00bbright\u00a0\u00bb animation_intensity_slide=\u00a0\u00bb6%\u00a0\u00bb always_center_on_mobile=\u00a0\u00bboff\u00a0\u00bb global_colors_info=\u00a0\u00bb{}\u00a0\u00bb][\/et_pb_image][\/et_pb_column][\/et_pb_row][\/et_pb_section][et_pb_section fb_built=\u00a0\u00bb1&Prime; _builder_version=\u00a0\u00bb4.16&Prime; _module_preset=\u00a0\u00bbdefault\u00a0\u00bb global_colors_info=\u00a0\u00bb{}\u00a0\u00bb][et_pb_row _builder_version=\u00a0\u00bb4.27.3&Prime; _module_preset=\u00a0\u00bbdefault\u00a0\u00bb min_height=\u00a0\u00bb3861.5px\u00a0\u00bb global_colors_info=\u00a0\u00bb{}\u00a0\u00bb][et_pb_column type=\u00a0\u00bb4_4&Prime; _builder_version=\u00a0\u00bb4.16&Prime; _module_preset=\u00a0\u00bbdefault\u00a0\u00bb global_colors_info=\u00a0\u00bb{}\u00a0\u00bb][et_pb_text _builder_version=\u00a0\u00bb4.27.3&Prime; _module_preset=\u00a0\u00bbdefault\u00a0\u00bb text_text_color=\u00a0\u00bb#000000&Prime; header_font=\u00a0\u00bbMontserrat||||||||\u00a0\u00bb header_text_color=\u00a0\u00bb#000000&Prime; hover_enabled=\u00a0\u00bb0&Prime; global_colors_info=\u00a0\u00bb{}\u00a0\u00bb text_font=\u00a0\u00bbMontserrat|600|||||||\u00a0\u00bb header_text_align=\u00a0\u00bbcenter\u00a0\u00bb text_orientation=\u00a0\u00bbcenter\u00a0\u00bb sticky_enabled=\u00a0\u00bb0&Prime;]<\/p>\n<p>La pr\u00e9sentation d\u2019un enfant \u00e0 Dieu est un moment de foi o\u00f9 les parents confient leur enfant \u00e0 Dieu. C\u2019est un temps o\u00f9 l&rsquo;on demande \u00e0 Dieu de b\u00e9nir et prot\u00e9ger l\u2019enfant tout au long de sa vie. (ce n&rsquo;est pas un bapt\u00eame)<\/p>\n<p>[\/et_pb_text][et_pb_text _builder_version=\u00a0\u00bb4.27.3&Prime; _module_preset=\u00a0\u00bbdefault\u00a0\u00bb custom_margin=\u00a0\u00bb||-2px|||\u00a0\u00bb custom_padding=\u00a0\u00bb||0px|||\u00a0\u00bb global_colors_info=\u00a0\u00bb{}\u00a0\u00bb]<iframe id=\"JotFormIFrame-221255499014354\" style=\"min-width: 100%; max-width: 100%; height: 2600px; border: none;\" title=\"BAPT\u00caME - Fiche d'inscription des candidats au BAPT\u00caME MCE\" src=\"https:\/\/form.jotform.com\/221256261596357\" frameborder=\"0\" scrolling=\"yes\"><\/p>\n<p><\/iframe><\/p>\n<p><script src=\"https:\/\/cdn.jotfor.ms\/s\/umd\/latest\/for-form-embed-handler.js\"><\/script><br \/>\n<script>window.jotformEmbedHandler(\"iframe[id='JotFormIFrame-221255499014354']\", \"https:\/\/form.jotform.com\/\")<\/script>[\/et_pb_text][\/et_pb_column][\/et_pb_row][et_pb_row disabled_on=\u00a0\u00bbon|on|on\u00a0\u00bb _builder_version=\u00a0\u00bb4.16&Prime; _module_preset=\u00a0\u00bbdefault\u00a0\u00bb min_height=\u00a0\u00bb373.8px\u00a0\u00bb custom_margin=\u00a0\u00bb-27px|auto||auto||\u00a0\u00bb disabled=\u00a0\u00bbon\u00a0\u00bb locked=\u00a0\u00bboff\u00a0\u00bb global_colors_info=\u00a0\u00bb{}\u00a0\u00bb][et_pb_column type=\u00a0\u00bb4_4&Prime; _builder_version=\u00a0\u00bb4.16&Prime; _module_preset=\u00a0\u00bbdefault\u00a0\u00bb global_colors_info=\u00a0\u00bb{}\u00a0\u00bb][et_pb_text disabled_on=\u00a0\u00bbon|on|off\u00a0\u00bb _builder_version=\u00a0\u00bb4.16&Prime; _module_preset=\u00a0\u00bbdefault\u00a0\u00bb global_colors_info=\u00a0\u00bb{}\u00a0\u00bb]<\/p>\n<h1><span style=\"font-size: xx-large;\"><strong><span style=\"font-family: Montserrat;\">Planning des r\u00e9unions ados :<\/span><\/strong><\/span><\/h1>\n<p>[\/et_pb_text][et_pb_text disabled_on=\u00a0\u00bboff|off|on\u00a0\u00bb _builder_version=\u00a0\u00bb4.16&Prime; _module_preset=\u00a0\u00bbdefault\u00a0\u00bb global_colors_info=\u00a0\u00bb{}\u00a0\u00bb]<\/p>\n<h1><span style=\"font-size: large;\"><strong><span style=\"font-family: Montserrat;\">Planning des r\u00e9unions ados :<\/span><\/strong><\/span><\/h1>\n<p>[\/et_pb_text][et_pb_text disabled_on=\u00a0\u00bboff|off|off\u00a0\u00bb _builder_version=\u00a0\u00bb4.16&Prime; _module_preset=\u00a0\u00bbdefault\u00a0\u00bb locked=\u00a0\u00bboff\u00a0\u00bb global_colors_info=\u00a0\u00bb{}\u00a0\u00bb]<\/p>\n<ul>\n<li style=\"color: rgba(0, 0, 0, 0.86);\" color:=\"\" rgba=\"\" 0=\"\" 86=\"\" font-size:=\"\" large=\"\"><span style=\"font-size: large;\"><strong><span style=\"font-family: Montserrat;\">Le Samedi 12 octobre 2024 &#8211; 17h<\/span><\/strong><\/span><\/li>\n<li style=\"color: rgba(0, 0, 0, 0.86);\" color:=\"\" rgba=\"\" 0=\"\" 86=\"\" font-size:=\"\" large=\"\"><span style=\"font-size: large;\"><strong><span style=\"font-family: Montserrat;\">Le Samedi 16\u00a0novembre 2024 &#8211; 17h<\/span><\/strong><\/span><\/li>\n<li style=\"color: rgba(0, 0, 0, 0.86);\" color:=\"\" rgba=\"\" 0=\"\" 86=\"\" font-size:=\"\" large=\"\"><span style=\"font-size: large;\"><strong><span style=\"font-family: Montserrat;\">Le Samedi 23\u00a0novembre 2024 &#8211; 17h<\/span><\/strong><\/span><\/li>\n<li style=\"color: rgba(0, 0, 0, 0.86);\" color:=\"\" rgba=\"\" 0=\"\" 86=\"\" font-size:=\"\" large=\"\"><span style=\"font-size: large;\"><strong><span style=\"font-family: Montserrat;\">Le Samedi 30\u00a0novembre 2024 &#8211; 17h<\/span><\/strong><\/span><\/li>\n<\/ul>\n<p>[\/et_pb_text][\/et_pb_column][\/et_pb_row][\/et_pb_section]<\/p>\n","protected":false},"excerpt":{"rendered":"<p>PR\u00c9SENTATION D&rsquo;ENFANTLa pr\u00e9sentation d\u2019un enfant \u00e0 Dieu est un moment de foi o\u00f9 les parents confient leur enfant \u00e0 Dieu. C\u2019est un temps o\u00f9 l&rsquo;on demande \u00e0 Dieu de b\u00e9nir et prot\u00e9ger l\u2019enfant tout au long de sa vie. (ce n&rsquo;est pas un bapt\u00eame) Planning des r\u00e9unions ados :Planning des r\u00e9unions ados : Le Samedi [&hellip;]<\/p>\n","protected":false},"author":10,"featured_media":0,"parent":0,"menu_order":0,"comment_status":"closed","ping_status":"closed","template":"","meta":{"_et_pb_use_builder":"on","_et_pb_old_content":"","_et_gb_content_width":"","_exactmetrics_skip_tracking":false,"_exactmetrics_sitenote_active":false,"_exactmetrics_sitenote_note":"","_exactmetrics_sitenote_category":0,"footnotes":""},"class_list":["post-5604","page","type-page","status-publish","hentry"],"yoast_head":"<!-- This site is optimized with the Yoast SEO plugin v23.9 - https:\/\/yoast.com\/wordpress\/plugins\/seo\/ -->\n<title>Pr\u00e9sentation d&#039;enfant<\/title>\n<meta name=\"robots\" content=\"index, follow, max-snippet:-1, max-image-preview:large, max-video-preview:-1\" \/>\n<link rel=\"canonical\" href=\"https:\/\/www.mcechampagne.fr\/site\/epresentation-denfant\/\" \/>\n<meta property=\"og:locale\" content=\"fr_FR\" \/>\n<meta property=\"og:type\" content=\"article\" \/>\n<meta property=\"og:title\" content=\"Pr\u00e9sentation d&#039;enfant\" \/>\n<meta property=\"og:description\" content=\"PR\u00c9SENTATION D&#039;ENFANTLa pr\u00e9sentation d\u2019un enfant \u00e0 Dieu est un moment de foi o\u00f9 les parents confient leur enfant \u00e0 Dieu. C\u2019est un temps o\u00f9 l&#039;on demande \u00e0 Dieu de b\u00e9nir et prot\u00e9ger l\u2019enfant tout au long de sa vie. (ce n&#039;est pas un bapt\u00eame) Planning des r\u00e9unions ados :Planning des r\u00e9unions ados : Le Samedi [&hellip;]\" \/>\n<meta property=\"og:url\" content=\"https:\/\/www.mcechampagne.fr\/site\/epresentation-denfant\/\" \/>\n<meta property=\"og:site_name\" content=\"Mission Chr\u00e9tienne \u00c9vang\u00e9lique de la Champagne\" \/>\n<meta property=\"article:publisher\" content=\"https:\/\/www.facebook.com\/mcereims\" \/>\n<meta property=\"article:modified_time\" content=\"2025-07-10T16:31:28+00:00\" \/>\n<meta property=\"og:image\" content=\"https:\/\/www.mcechampagne.fr\/site\/wp-content\/uploads\/2021\/04\/WhatsApp-Image-2021-04-22-at-16.51.27.jpeg\" \/>\n\t<meta property=\"og:image:width\" content=\"1599\" \/>\n\t<meta property=\"og:image:height\" content=\"899\" \/>\n\t<meta property=\"og:image:type\" content=\"image\/jpeg\" \/>\n<meta name=\"twitter:card\" content=\"summary_large_image\" \/>\n<meta name=\"twitter:label1\" content=\"Dur\u00e9e de lecture estim\u00e9e\" \/>\n\t<meta name=\"twitter:data1\" content=\"1 minute\" \/>\n<script type=\"application\/ld+json\" class=\"yoast-schema-graph\">{\"@context\":\"https:\/\/schema.org\",\"@graph\":[{\"@type\":\"WebPage\",\"@id\":\"https:\/\/www.mcechampagne.fr\/site\/epresentation-denfant\/\",\"url\":\"https:\/\/www.mcechampagne.fr\/site\/epresentation-denfant\/\",\"name\":\"Pr\u00e9sentation d'enfant\",\"isPartOf\":{\"@id\":\"https:\/\/www.mcechampagne.fr\/site\/#website\"},\"datePublished\":\"2025-04-29T07:39:30+00:00\",\"dateModified\":\"2025-07-10T16:31:28+00:00\",\"breadcrumb\":{\"@id\":\"https:\/\/www.mcechampagne.fr\/site\/epresentation-denfant\/#breadcrumb\"},\"inLanguage\":\"fr-FR\",\"potentialAction\":[{\"@type\":\"ReadAction\",\"target\":[\"https:\/\/www.mcechampagne.fr\/site\/epresentation-denfant\/\"]}]},{\"@type\":\"BreadcrumbList\",\"@id\":\"https:\/\/www.mcechampagne.fr\/site\/epresentation-denfant\/#breadcrumb\",\"itemListElement\":[{\"@type\":\"ListItem\",\"position\":1,\"name\":\"Accueil\",\"item\":\"https:\/\/www.mcechampagne.fr\/site\/\"},{\"@type\":\"ListItem\",\"position\":2,\"name\":\"ePr\u00e9sentation d&rsquo;enfant\"}]},{\"@type\":\"WebSite\",\"@id\":\"https:\/\/www.mcechampagne.fr\/site\/#website\",\"url\":\"https:\/\/www.mcechampagne.fr\/site\/\",\"name\":\"Mission Chr\u00e9tienne \u00c9vang\u00e9lique de la Champagne\",\"description\":\"Une \u00e9glise pour ceux qui ne veulent plus d&#039;\u00e9glise\",\"publisher\":{\"@id\":\"https:\/\/www.mcechampagne.fr\/site\/#organization\"},\"potentialAction\":[{\"@type\":\"SearchAction\",\"target\":{\"@type\":\"EntryPoint\",\"urlTemplate\":\"https:\/\/www.mcechampagne.fr\/site\/?s={search_term_string}\"},\"query-input\":{\"@type\":\"PropertyValueSpecification\",\"valueRequired\":true,\"valueName\":\"search_term_string\"}}],\"inLanguage\":\"fr-FR\"},{\"@type\":\"Organization\",\"@id\":\"https:\/\/www.mcechampagne.fr\/site\/#organization\",\"name\":\"MCE Champagne\",\"url\":\"https:\/\/www.mcechampagne.fr\/site\/\",\"logo\":{\"@type\":\"ImageObject\",\"inLanguage\":\"fr-FR\",\"@id\":\"https:\/\/www.mcechampagne.fr\/site\/#\/schema\/logo\/image\/\",\"url\":\"https:\/\/www.mcechampagne.fr\/site\/wp-content\/uploads\/2018\/04\/mce-logo-png.png\",\"contentUrl\":\"https:\/\/www.mcechampagne.fr\/site\/wp-content\/uploads\/2018\/04\/mce-logo-png.png\",\"width\":403,\"height\":74,\"caption\":\"MCE Champagne\"},\"image\":{\"@id\":\"https:\/\/www.mcechampagne.fr\/site\/#\/schema\/logo\/image\/\"},\"sameAs\":[\"https:\/\/www.facebook.com\/mcereims\",\"https:\/\/www.instagram.com\/mce_reims\/?hl=fr\",\"https:\/\/www.youtube.com\/user\/ccea777\"]}]}<\/script>\n<!-- \/ Yoast SEO plugin. -->","yoast_head_json":{"title":"Pr\u00e9sentation d'enfant","robots":{"index":"index","follow":"follow","max-snippet":"max-snippet:-1","max-image-preview":"max-image-preview:large","max-video-preview":"max-video-preview:-1"},"canonical":"https:\/\/www.mcechampagne.fr\/site\/epresentation-denfant\/","og_locale":"fr_FR","og_type":"article","og_title":"Pr\u00e9sentation d'enfant","og_description":"PR\u00c9SENTATION D'ENFANTLa pr\u00e9sentation d\u2019un enfant \u00e0 Dieu est un moment de foi o\u00f9 les parents confient leur enfant \u00e0 Dieu. C\u2019est un temps o\u00f9 l'on demande \u00e0 Dieu de b\u00e9nir et prot\u00e9ger l\u2019enfant tout au long de sa vie. (ce n'est pas un bapt\u00eame) Planning des r\u00e9unions ados :Planning des r\u00e9unions ados : Le Samedi [&hellip;]","og_url":"https:\/\/www.mcechampagne.fr\/site\/epresentation-denfant\/","og_site_name":"Mission Chr\u00e9tienne \u00c9vang\u00e9lique de la Champagne","article_publisher":"https:\/\/www.facebook.com\/mcereims","article_modified_time":"2025-07-10T16:31:28+00:00","og_image":[{"width":1599,"height":899,"url":"https:\/\/www.mcechampagne.fr\/site\/wp-content\/uploads\/2021\/04\/WhatsApp-Image-2021-04-22-at-16.51.27.jpeg","type":"image\/jpeg"}],"twitter_card":"summary_large_image","twitter_misc":{"Dur\u00e9e de lecture estim\u00e9e":"1 minute"},"schema":{"@context":"https:\/\/schema.org","@graph":[{"@type":"WebPage","@id":"https:\/\/www.mcechampagne.fr\/site\/epresentation-denfant\/","url":"https:\/\/www.mcechampagne.fr\/site\/epresentation-denfant\/","name":"Pr\u00e9sentation d'enfant","isPartOf":{"@id":"https:\/\/www.mcechampagne.fr\/site\/#website"},"datePublished":"2025-04-29T07:39:30+00:00","dateModified":"2025-07-10T16:31:28+00:00","breadcrumb":{"@id":"https:\/\/www.mcechampagne.fr\/site\/epresentation-denfant\/#breadcrumb"},"inLanguage":"fr-FR","potentialAction":[{"@type":"ReadAction","target":["https:\/\/www.mcechampagne.fr\/site\/epresentation-denfant\/"]}]},{"@type":"BreadcrumbList","@id":"https:\/\/www.mcechampagne.fr\/site\/epresentation-denfant\/#breadcrumb","itemListElement":[{"@type":"ListItem","position":1,"name":"Accueil","item":"https:\/\/www.mcechampagne.fr\/site\/"},{"@type":"ListItem","position":2,"name":"ePr\u00e9sentation d&rsquo;enfant"}]},{"@type":"WebSite","@id":"https:\/\/www.mcechampagne.fr\/site\/#website","url":"https:\/\/www.mcechampagne.fr\/site\/","name":"Mission Chr\u00e9tienne \u00c9vang\u00e9lique de la Champagne","description":"Une \u00e9glise pour ceux qui ne veulent plus d&#039;\u00e9glise","publisher":{"@id":"https:\/\/www.mcechampagne.fr\/site\/#organization"},"potentialAction":[{"@type":"SearchAction","target":{"@type":"EntryPoint","urlTemplate":"https:\/\/www.mcechampagne.fr\/site\/?s={search_term_string}"},"query-input":{"@type":"PropertyValueSpecification","valueRequired":true,"valueName":"search_term_string"}}],"inLanguage":"fr-FR"},{"@type":"Organization","@id":"https:\/\/www.mcechampagne.fr\/site\/#organization","name":"MCE Champagne","url":"https:\/\/www.mcechampagne.fr\/site\/","logo":{"@type":"ImageObject","inLanguage":"fr-FR","@id":"https:\/\/www.mcechampagne.fr\/site\/#\/schema\/logo\/image\/","url":"https:\/\/www.mcechampagne.fr\/site\/wp-content\/uploads\/2018\/04\/mce-logo-png.png","contentUrl":"https:\/\/www.mcechampagne.fr\/site\/wp-content\/uploads\/2018\/04\/mce-logo-png.png","width":403,"height":74,"caption":"MCE Champagne"},"image":{"@id":"https:\/\/www.mcechampagne.fr\/site\/#\/schema\/logo\/image\/"},"sameAs":["https:\/\/www.facebook.com\/mcereims","https:\/\/www.instagram.com\/mce_reims\/?hl=fr","https:\/\/www.youtube.com\/user\/ccea777"]}]}},"_links":{"self":[{"href":"https:\/\/www.mcechampagne.fr\/site\/wp-json\/wp\/v2\/pages\/5604","targetHints":{"allow":["GET"]}}],"collection":[{"href":"https:\/\/www.mcechampagne.fr\/site\/wp-json\/wp\/v2\/pages"}],"about":[{"href":"https:\/\/www.mcechampagne.fr\/site\/wp-json\/wp\/v2\/types\/page"}],"author":[{"embeddable":true,"href":"https:\/\/www.mcechampagne.fr\/site\/wp-json\/wp\/v2\/users\/10"}],"replies":[{"embeddable":true,"href":"https:\/\/www.mcechampagne.fr\/site\/wp-json\/wp\/v2\/comments?post=5604"}],"version-history":[{"count":5,"href":"https:\/\/www.mcechampagne.fr\/site\/wp-json\/wp\/v2\/pages\/5604\/revisions"}],"predecessor-version":[{"id":5732,"href":"https:\/\/www.mcechampagne.fr\/site\/wp-json\/wp\/v2\/pages\/5604\/revisions\/5732"}],"wp:attachment":[{"href":"https:\/\/www.mcechampagne.fr\/site\/wp-json\/wp\/v2\/media?parent=5604"}],"curies":[{"name":"wp","href":"https:\/\/api.w.org\/{rel}","templated":true}]}}